{"id":90144,"date":"2025-11-23T17:35:12","date_gmt":"2025-11-23T16:35:12","guid":{"rendered":"https:\/\/szoltandfrog.com\/producto\/sin%20categor\u00eda\/camiseta-bolsillo-nerga-2\/"},"modified":"2026-04-07T18:09:57","modified_gmt":"2026-04-07T16:09:57","slug":"camiseta-bolsillo-nerga-2","status":"publish","type":"product","link":"https:\/\/szoltandfrog.com\/ropa\/camisetas-con-bolsillo\/camiseta-bolsillo-nerga-2\/","title":{"rendered":"Camiseta Nerga"},"content":{"rendered":"","protected":false},"excerpt":{"rendered":"<p>Con ellas empez\u00f3 todo! La novena colecci\u00f3n de nuestras exitosas camisetas de bolsillos.<\/p>\n<p>En este caso tenemos un dise\u00f1o exclusivo Nerga con acabado en gris melange y bolsillo \u00fanico.<\/p>\n<p>Algod\u00f3n Org\u00e1nico 100% GOTS (Global Organic Textil Standard) de 170 gr y bolsillos hechos con telas de todos los lugares del mundo.<\/p>\n<p>Esta vez hemos querido dejar nuestra marca m\u00e1s clara que nunca y hemos bordado nuestra caracter\u00edstica tienda de campa\u00f1a en cada uno de los bolsillos.<\/p>\n<p>Dise\u00f1os unisex: Todo para Todos! Corte regular fit; Comprueba tu talla con nuestra gu\u00eda de tallas <a href=\"https:\/\/szoltandfrog.com\/guia-de-tallas\/\">aqu\u00ed<\/a>!<\/p>\n<p>Dise\u00f1ada en Espa\u00f1a y fabricadas en nuestra vecina Portugal!<\/p>\n","protected":false},"featured_media":90323,"template":"","meta":[],"product_cat":[5548,5550,271,661],"product_tag":[],"class_list":{"0":"post-90144","1":"product","2":"type-product","3":"status-publish","4":"has-post-thumbnail","6":"product_cat-aw25","7":"product_cat-camisetas","8":"product_cat-ropa","9":"product_cat-camisetas-con-bolsillo","11":"first","12":"instock","13":"featured","14":"taxable","15":"shipping-taxable","16":"purchasable","17":"product-type-variable","18":"has-default-attributes","19":"wvs-archive-product-wrapper"},"_links":{"self":[{"href":"https:\/\/szoltandfrog.com\/pt-pt\/wp-json\/wp\/v2\/product\/90144","targetHints":{"allow":["GET"]}}],"collection":[{"href":"https:\/\/szoltandfrog.com\/pt-pt\/wp-json\/wp\/v2\/product"}],"about":[{"href":"https:\/\/szoltandfrog.com\/pt-pt\/wp-json\/wp\/v2\/types\/product"}],"version-history":[{"count":4,"href":"https:\/\/szoltandfrog.com\/pt-pt\/wp-json\/wp\/v2\/product\/90144\/revisions"}],"predecessor-version":[{"id":90497,"href":"https:\/\/szoltandfrog.com\/pt-pt\/wp-json\/wp\/v2\/product\/90144\/revisions\/90497"}],"wp:featuredmedia":[{"embeddable":true,"href":"https:\/\/szoltandfrog.com\/pt-pt\/wp-json\/wp\/v2\/media\/90323"}],"wp:attachment":[{"href":"https:\/\/szoltandfrog.com\/pt-pt\/wp-json\/wp\/v2\/media?parent=90144"}],"wp:term":[{"taxonomy":"product_cat","embeddable":true,"href":"https:\/\/szoltandfrog.com\/pt-pt\/wp-json\/wp\/v2\/product_cat?post=90144"},{"taxonomy":"product_tag","embeddable":true,"href":"https:\/\/szoltandfrog.com\/pt-pt\/wp-json\/wp\/v2\/product_tag?post=90144"}],"curies":[{"name":"wp","href":"https:\/\/api.w.org\/{rel}","templated":true}]}}