{"id":90141,"date":"2025-11-23T17:35:02","date_gmt":"2025-11-23T16:35:02","guid":{"rendered":"https:\/\/szoltandfrog.com\/producto\/sin%20categor\u00eda\/sudadera-bolsillo-nemina-2\/"},"modified":"2026-04-19T04:09:49","modified_gmt":"2026-04-19T02:09:49","slug":"sudadera-bolsillo-nemina-2","status":"publish","type":"product","link":"https:\/\/szoltandfrog.com\/sudadera-bolsillo-nemina-2\/","title":{"rendered":"Sudadera Nemi\u00f1a"},"content":{"rendered":"","protected":false},"excerpt":{"rendered":"<p>Empezamos con las camisetas y ahora sacamos nuestra colecci\u00f3n de sudaderas con bolsillo.<\/p>\n<p>En este caso tenemos un acabado en chocolate de sudadera con bolsillo exclusivo Nemi\u00f1a.<\/p>\n<p>Algod\u00f3n 100% Org\u00e1nico.<\/p>\n<p>Esta vez hemos querido dejar nuestra marca m\u00e1s clara que nunca y hemos bordado nuestra caracter\u00edstica tienda de campa\u00f1a en cada uno de los bolsillos.<\/p>\n<p>Dise\u00f1os unisex: Todo para Todos! Comprueba tu talla con nuestra gu\u00eda de tallas <a href=\"https:\/\/szoltandfrog.com\/guia-de-tallas\/\">aqu\u00ed<\/a>!<\/p>\n<p>Dise\u00f1ada en Espa\u00f1a y fabricadas en nuestra vecina Portugal!<\/p>\n","protected":false},"featured_media":90476,"template":"","meta":[],"product_cat":[5548,271,278],"product_tag":[],"class_list":{"0":"post-90141","1":"product","2":"type-product","3":"status-publish","4":"has-post-thumbnail","6":"product_cat-aw25","7":"product_cat-ropa","8":"product_cat-sudaderas","10":"first","11":"instock","12":"featured","13":"taxable","14":"shipping-taxable","15":"purchasable","16":"product-type-variable","17":"wvs-archive-product-wrapper"},"_links":{"self":[{"href":"https:\/\/szoltandfrog.com\/pt-pt\/wp-json\/wp\/v2\/product\/90141","targetHints":{"allow":["GET"]}}],"collection":[{"href":"https:\/\/szoltandfrog.com\/pt-pt\/wp-json\/wp\/v2\/product"}],"about":[{"href":"https:\/\/szoltandfrog.com\/pt-pt\/wp-json\/wp\/v2\/types\/product"}],"version-history":[{"count":2,"href":"https:\/\/szoltandfrog.com\/pt-pt\/wp-json\/wp\/v2\/product\/90141\/revisions"}],"predecessor-version":[{"id":90495,"href":"https:\/\/szoltandfrog.com\/pt-pt\/wp-json\/wp\/v2\/product\/90141\/revisions\/90495"}],"wp:featuredmedia":[{"embeddable":true,"href":"https:\/\/szoltandfrog.com\/pt-pt\/wp-json\/wp\/v2\/media\/90476"}],"wp:attachment":[{"href":"https:\/\/szoltandfrog.com\/pt-pt\/wp-json\/wp\/v2\/media?parent=90141"}],"wp:term":[{"taxonomy":"product_cat","embeddable":true,"href":"https:\/\/szoltandfrog.com\/pt-pt\/wp-json\/wp\/v2\/product_cat?post=90141"},{"taxonomy":"product_tag","embeddable":true,"href":"https:\/\/szoltandfrog.com\/pt-pt\/wp-json\/wp\/v2\/product_tag?post=90141"}],"curies":[{"name":"wp","href":"https:\/\/api.w.org\/{rel}","templated":true}]}}