{"id":90139,"date":"2025-11-23T17:34:56","date_gmt":"2025-11-23T16:34:56","guid":{"rendered":"https:\/\/szoltandfrog.com\/producto\/sin%20categor\u00eda\/sudadera-bolsillo-mogor-2\/"},"modified":"2026-04-10T21:09:50","modified_gmt":"2026-04-10T19:09:50","slug":"sudadera-bolsillo-mogor-2","status":"publish","type":"product","link":"https:\/\/szoltandfrog.com\/ropa\/sudaderas\/sudadera-bolsillo-mogor-2\/","title":{"rendered":"Sudadera  Mogor"},"content":{"rendered":"","protected":false},"excerpt":{"rendered":"<p>Empezamos con las camisetas y ahora sacamos nuestra colecci\u00f3n de sudaderas con bolsillo.<\/p>\n<p>En este caso tenemos un acabado en burgundy de sudadera con bolsillo exclusivo Mogor.<\/p>\n<p>Algod\u00f3n 100% Org\u00e1nico.<\/p>\n<p>Esta vez hemos querido dejar nuestra marca m\u00e1s clara que nunca y hemos bordado nuestra caracter\u00edstica tienda de campa\u00f1a en cada uno de los bolsillos.<\/p>\n<p>Dise\u00f1os unisex: Todo para Todos! Comprueba tu talla con nuestra gu\u00eda de tallas <a href=\"https:\/\/szoltandfrog.com\/guia-de-tallas\/\">aqu\u00ed<\/a>!<\/p>\n<p>Dise\u00f1ada en Espa\u00f1a y fabricadas en nuestra vecina Portugal!<\/p>\n","protected":false},"featured_media":90504,"template":"","meta":[],"product_cat":[5548,271,278],"product_tag":[],"class_list":{"0":"post-90139","1":"product","2":"type-product","3":"status-publish","4":"has-post-thumbnail","6":"product_cat-aw25","7":"product_cat-ropa","8":"product_cat-sudaderas","10":"first","11":"instock","12":"featured","13":"taxable","14":"shipping-taxable","15":"purchasable","16":"product-type-variable","17":"has-default-attributes","18":"wvs-archive-product-wrapper"},"_links":{"self":[{"href":"https:\/\/szoltandfrog.com\/pt-pt\/wp-json\/wp\/v2\/product\/90139","targetHints":{"allow":["GET"]}}],"collection":[{"href":"https:\/\/szoltandfrog.com\/pt-pt\/wp-json\/wp\/v2\/product"}],"about":[{"href":"https:\/\/szoltandfrog.com\/pt-pt\/wp-json\/wp\/v2\/types\/product"}],"version-history":[{"count":3,"href":"https:\/\/szoltandfrog.com\/pt-pt\/wp-json\/wp\/v2\/product\/90139\/revisions"}],"predecessor-version":[{"id":90524,"href":"https:\/\/szoltandfrog.com\/pt-pt\/wp-json\/wp\/v2\/product\/90139\/revisions\/90524"}],"wp:featuredmedia":[{"embeddable":true,"href":"https:\/\/szoltandfrog.com\/pt-pt\/wp-json\/wp\/v2\/media\/90504"}],"wp:attachment":[{"href":"https:\/\/szoltandfrog.com\/pt-pt\/wp-json\/wp\/v2\/media?parent=90139"}],"wp:term":[{"taxonomy":"product_cat","embeddable":true,"href":"https:\/\/szoltandfrog.com\/pt-pt\/wp-json\/wp\/v2\/product_cat?post=90139"},{"taxonomy":"product_tag","embeddable":true,"href":"https:\/\/szoltandfrog.com\/pt-pt\/wp-json\/wp\/v2\/product_tag?post=90139"}],"curies":[{"name":"wp","href":"https:\/\/api.w.org\/{rel}","templated":true}]}}