{"id":87789,"date":"2024-09-30T13:25:07","date_gmt":"2024-11-25T18:51:07","guid":{"rendered":"https:\/\/szoltandfrog.com\/producto\/sem categoria\/meias-butterfly-tamanho-40-45\/"},"modified":"2024-11-25T19:51:07","modified_gmt":"2024-11-25T18:51:07","slug":"meias-butterfly-tamanho-40-45","status":"publish","type":"product","link":"https:\/\/szoltandfrog.com\/pt-pt\/complementos\/meias\/meias-butterfly-tamanho-40-45\/","title":{"rendered":"Meias Butterfly &#8211; Tamanho 40-45"},"content":{"rendered":"<p>Meias divertidas com desenhos originais e modernos, com o selo Sz\u00f6lt&amp;Frog. Desenhadas em Espanha e produzidas pelos nossos vizinhos em Portugal. Desta vez temos meias com motivos de bicicletas para homem. Come\u00e7a a criar tend\u00eancias com os teus p\u00e9s&#8230; &#8211; Meias at\u00e9 meio da perna &#8211; Fabricadas em Portugal &#8211; 80% algod\u00e3o, 18% poliamida, 2% spandex &#8211; Tamanho do p\u00e9 40-45<\/p>\n","protected":false},"excerpt":{"rendered":"<p>Meias divertidas com desenhos originais e modernos, com o selo Sz\u00f6lt&amp;Frog. Desenhadas em Espanha e produzidas pelos nossos vizinhos em Portugal. Desta vez temos meias com motivos de bicicletas para homem. Come\u00e7a a criar tend\u00eancias com os teus p\u00e9s&#8230; &#8211; Meias at\u00e9 meio da perna &#8211; Fabricadas em Portugal &#8211; 80% algod\u00e3o, 18% poliamida, 2% [&hellip;]<\/p>\n","protected":false},"featured_media":85257,"template":"","meta":[],"product_cat":[5315,5088,4955],"product_tag":[],"class_list":{"0":"post-87789","1":"product","2":"type-product","3":"status-publish","4":"has-post-thumbnail","6":"product_cat-aw24-pt-pt","7":"product_cat-complementos","8":"product_cat-meias","10":"first","11":"instock","12":"taxable","13":"shipping-taxable","14":"purchasable","15":"product-type-simple"},"_links":{"self":[{"href":"https:\/\/szoltandfrog.com\/pt-pt\/wp-json\/wp\/v2\/product\/87789","targetHints":{"allow":["GET"]}}],"collection":[{"href":"https:\/\/szoltandfrog.com\/pt-pt\/wp-json\/wp\/v2\/product"}],"about":[{"href":"https:\/\/szoltandfrog.com\/pt-pt\/wp-json\/wp\/v2\/types\/product"}],"version-history":[{"count":0,"href":"https:\/\/szoltandfrog.com\/pt-pt\/wp-json\/wp\/v2\/product\/87789\/revisions"}],"wp:featuredmedia":[{"embeddable":true,"href":"https:\/\/szoltandfrog.com\/pt-pt\/wp-json\/wp\/v2\/media\/85257"}],"wp:attachment":[{"href":"https:\/\/szoltandfrog.com\/pt-pt\/wp-json\/wp\/v2\/media?parent=87789"}],"wp:term":[{"taxonomy":"product_cat","embeddable":true,"href":"https:\/\/szoltandfrog.com\/pt-pt\/wp-json\/wp\/v2\/product_cat?post=87789"},{"taxonomy":"product_tag","embeddable":true,"href":"https:\/\/szoltandfrog.com\/pt-pt\/wp-json\/wp\/v2\/product_tag?post=87789"}],"curies":[{"name":"wp","href":"https:\/\/api.w.org\/{rel}","templated":true}]}}