{"id":87674,"date":"2024-10-17T22:32:04","date_gmt":"2024-11-24T12:27:29","guid":{"rendered":"https:\/\/szoltandfrog.com\/producto\/sem categoria\/coleira-de-areia\/"},"modified":"2024-11-24T13:27:29","modified_gmt":"2024-11-24T12:27:29","slug":"coleira-de-areia","status":"publish","type":"product","link":"https:\/\/szoltandfrog.com\/pt-pt\/complementos\/animais-de-estimacao\/coleira-de-areia\/","title":{"rendered":"Coleira de areia"},"content":{"rendered":"<p>Arena Pet Collar by Lolo&#8217;s Feita \u00e0 m\u00e3o em Espanha com pele de alta qualidade. GUIA DE TAMANHOS TAMANHO XS: &#8211; M\u00ednimo 18,5 cm m\u00e1ximo 28 cm, largura da coleira 2cm. SIZE S: &#8211; M\u00ednimo 27,5 cm m\u00e1ximo 36 cm, largura da coleira 2cm. TAMANHO M: &#8211; M\u00ednimo 36 cm m\u00e1ximo 45,5 cm, largura do colarinho 3cm. TAMANHO L: &#8211; M\u00ednimo 44 cm m\u00e1ximo 53,5 cm, largura da gola 3,5cm. TAMANHO XL: &#8211; M\u00ednimo 53,5 cm m\u00e1ximo 62,5 cm, largura da gola 3,5cm.<\/p>\n<p>&nbsp;<\/p>\n<p><a href=\"https:\/\/szoltandfrog.com\/wp-content\/uploads\/2024\/10\/perros_collares.jpeg\"><img decoding=\"async\" class=\"alignnone size-full wp-image-86992\" src=\"https:\/\/szoltandfrog.com\/wp-content\/uploads\/2024\/10\/perros_collares.jpeg\" alt=\"\" width=\"300\" height=\"184\"><\/a><\/p>\n","protected":false},"excerpt":{"rendered":"<p>Arena Pet Collar by Lolo&#8217;s Feita \u00e0 m\u00e3o em Espanha com pele de alta qualidade. GUIA DE TAMANHOS TAMANHO XS: &#8211; M\u00ednimo 18,5 cm m\u00e1ximo 28 cm, largura da coleira 2cm. SIZE S: &#8211; M\u00ednimo 27,5 cm m\u00e1ximo 36 cm, largura da coleira 2cm. TAMANHO M: &#8211; M\u00ednimo 36 cm m\u00e1ximo 45,5 cm, largura do [&hellip;]<\/p>\n","protected":false},"featured_media":86688,"template":"","meta":[],"product_cat":[5458,5315,5088],"product_tag":[],"class_list":{"0":"post-87674","1":"product","2":"type-product","3":"status-publish","4":"has-post-thumbnail","6":"product_cat-animais-de-estimacao","7":"product_cat-aw24-pt-pt","8":"product_cat-complementos","10":"first","11":"outofstock","12":"taxable","13":"shipping-taxable","14":"purchasable","15":"product-type-variable","16":"wvs-archive-product-wrapper"},"_links":{"self":[{"href":"https:\/\/szoltandfrog.com\/pt-pt\/wp-json\/wp\/v2\/product\/87674","targetHints":{"allow":["GET"]}}],"collection":[{"href":"https:\/\/szoltandfrog.com\/pt-pt\/wp-json\/wp\/v2\/product"}],"about":[{"href":"https:\/\/szoltandfrog.com\/pt-pt\/wp-json\/wp\/v2\/types\/product"}],"version-history":[{"count":0,"href":"https:\/\/szoltandfrog.com\/pt-pt\/wp-json\/wp\/v2\/product\/87674\/revisions"}],"wp:featuredmedia":[{"embeddable":true,"href":"https:\/\/szoltandfrog.com\/pt-pt\/wp-json\/wp\/v2\/media\/86688"}],"wp:attachment":[{"href":"https:\/\/szoltandfrog.com\/pt-pt\/wp-json\/wp\/v2\/media?parent=87674"}],"wp:term":[{"taxonomy":"product_cat","embeddable":true,"href":"https:\/\/szoltandfrog.com\/pt-pt\/wp-json\/wp\/v2\/product_cat?post=87674"},{"taxonomy":"product_tag","embeddable":true,"href":"https:\/\/szoltandfrog.com\/pt-pt\/wp-json\/wp\/v2\/product_tag?post=87674"}],"curies":[{"name":"wp","href":"https:\/\/api.w.org\/{rel}","templated":true}]}}