{"id":86150,"date":"2024-09-24T20:29:18","date_gmt":"2024-10-04T10:27:23","guid":{"rendered":"https:\/\/szoltandfrog.com\/producto\/sem categoria\/cinto-de-couro-phuket\/"},"modified":"2024-10-04T12:27:23","modified_gmt":"2024-10-04T10:27:23","slug":"cinto-de-couro-phuket","status":"publish","type":"product","link":"https:\/\/szoltandfrog.com\/pt-pt\/cintos\/cinto-de-couro-phuket\/","title":{"rendered":"Cinto de couro Phuket"},"content":{"rendered":"<p><img decoding=\"async\" class=\"alignnone wp-image-12467\" src=\"https:\/\/szoltandfrog.com\/wp-content\/uploads\/2019\/06\/spanish-flah.jpg\" alt=\"\" width=\"20\" height=\"16\"> Cinto de couro verde \u00e9tnico para homem e mulher, com tecido \u00e0s riscas: &#8211; Tecidos especiais de todo o mundo &#8211; Feito \u00e0 m\u00e3o em Espanha &#8211; 100% couro de alta qualidade &#8211; Dispon\u00edvel no tamanho 85 (Cal\u00e7as 38-40), no tamanho 90 (Cal\u00e7as 42-44) ou no tamanho 95 (Cal\u00e7as 46-48-50)<\/p>\n","protected":false},"excerpt":{"rendered":"<p><img decoding=\"async\" class=\"alignnone wp-image-12467\" src=\"https:\/\/szoltandfrog.com\/wp-content\/uploads\/2019\/06\/spanish-flah.jpg\" alt=\"\" width=\"20\" height=\"16\"> Cinto de couro verde \u00e9tnico para homem e mulher, com tecido \u00e0s riscas: &#8211; Tecidos especiais de todo o mundo &#8211; Feito \u00e0 m\u00e3o em Espanha &#8211; 100% couro de alta qualidade &#8211; Dispon\u00edvel no tamanho 85 (Cal\u00e7as 38-40), no tamanho 90 (Cal\u00e7as 42-44) ou no tamanho 95 (Cal\u00e7as 46-48-50)<\/p>\n","protected":false},"featured_media":86125,"template":"","meta":[],"product_cat":[5088,5087],"product_tag":[],"class_list":{"0":"post-86150","1":"product","2":"type-product","3":"status-publish","4":"has-post-thumbnail","6":"product_cat-complementos","7":"product_cat-cintos","9":"first","10":"instock","11":"taxable","12":"shipping-taxable","13":"purchasable","14":"product-type-variable","15":"has-default-attributes","16":"wvs-archive-product-wrapper"},"_links":{"self":[{"href":"https:\/\/szoltandfrog.com\/pt-pt\/wp-json\/wp\/v2\/product\/86150","targetHints":{"allow":["GET"]}}],"collection":[{"href":"https:\/\/szoltandfrog.com\/pt-pt\/wp-json\/wp\/v2\/product"}],"about":[{"href":"https:\/\/szoltandfrog.com\/pt-pt\/wp-json\/wp\/v2\/types\/product"}],"version-history":[{"count":0,"href":"https:\/\/szoltandfrog.com\/pt-pt\/wp-json\/wp\/v2\/product\/86150\/revisions"}],"wp:featuredmedia":[{"embeddable":true,"href":"https:\/\/szoltandfrog.com\/pt-pt\/wp-json\/wp\/v2\/media\/86125"}],"wp:attachment":[{"href":"https:\/\/szoltandfrog.com\/pt-pt\/wp-json\/wp\/v2\/media?parent=86150"}],"wp:term":[{"taxonomy":"product_cat","embeddable":true,"href":"https:\/\/szoltandfrog.com\/pt-pt\/wp-json\/wp\/v2\/product_cat?post=86150"},{"taxonomy":"product_tag","embeddable":true,"href":"https:\/\/szoltandfrog.com\/pt-pt\/wp-json\/wp\/v2\/product_tag?post=86150"}],"curies":[{"name":"wp","href":"https:\/\/api.w.org\/{rel}","templated":true}]}}