{"id":85612,"date":"2024-09-13T10:12:08","date_gmt":"2024-09-29T17:13:10","guid":{"rendered":"https:\/\/szoltandfrog.com\/producto\/sem categoria\/camisola-nagoya-kids\/"},"modified":"2025-01-12T16:24:45","modified_gmt":"2025-01-12T15:24:45","slug":"camisola-nagoya-kids","status":"publish","type":"product","link":"https:\/\/szoltandfrog.com\/pt-pt\/product\/vestuario\/criancas\/camisola-nagoya-kids\/","title":{"rendered":"Camisola Nagoya Kids"},"content":{"rendered":"<p>Sweatshirt para crian\u00e7a Made in Portugal &#8211; Sweatshirt com bolso &#8211; 100% Algod\u00e3o Biol\u00f3gico &#8211; Peso 350 gramas &#8211; Lavado \u00e0 m\u00e1quina durante o processo de fabrico (para evitar que encolha depois) &#8211; Unisexo<\/p>\n","protected":false},"excerpt":{"rendered":"<p>Sweatshirt para crian\u00e7a Made in Portugal &#8211; Sweatshirt com bolso &#8211; 100% Algod\u00e3o Biol\u00f3gico &#8211; Peso 350 gramas &#8211; Lavado \u00e0 m\u00e1quina durante o processo de fabrico (para evitar que encolha depois) &#8211; Unisexo<\/p>\n","protected":false},"featured_media":84292,"template":"","meta":[],"product_cat":[5315,4956,5189],"product_tag":[],"class_list":{"0":"post-85612","1":"product","2":"type-product","3":"status-publish","4":"has-post-thumbnail","6":"product_cat-aw24-pt-pt","7":"product_cat-vestuario","8":"product_cat-criancas","10":"first","11":"instock","12":"taxable","13":"shipping-taxable","14":"purchasable","15":"product-type-variable","16":"has-default-attributes","17":"wvs-archive-product-wrapper"},"_links":{"self":[{"href":"https:\/\/szoltandfrog.com\/pt-pt\/wp-json\/wp\/v2\/product\/85612","targetHints":{"allow":["GET"]}}],"collection":[{"href":"https:\/\/szoltandfrog.com\/pt-pt\/wp-json\/wp\/v2\/product"}],"about":[{"href":"https:\/\/szoltandfrog.com\/pt-pt\/wp-json\/wp\/v2\/types\/product"}],"version-history":[{"count":0,"href":"https:\/\/szoltandfrog.com\/pt-pt\/wp-json\/wp\/v2\/product\/85612\/revisions"}],"wp:featuredmedia":[{"embeddable":true,"href":"https:\/\/szoltandfrog.com\/pt-pt\/wp-json\/wp\/v2\/media\/84292"}],"wp:attachment":[{"href":"https:\/\/szoltandfrog.com\/pt-pt\/wp-json\/wp\/v2\/media?parent=85612"}],"wp:term":[{"taxonomy":"product_cat","embeddable":true,"href":"https:\/\/szoltandfrog.com\/pt-pt\/wp-json\/wp\/v2\/product_cat?post=85612"},{"taxonomy":"product_tag","embeddable":true,"href":"https:\/\/szoltandfrog.com\/pt-pt\/wp-json\/wp\/v2\/product_tag?post=85612"}],"curies":[{"name":"wp","href":"https:\/\/api.w.org\/{rel}","templated":true}]}}