{"id":85356,"date":"2024-09-25T07:20:21","date_gmt":"2024-09-25T05:20:30","guid":{"rendered":"https:\/\/szoltandfrog.com\/?post_type=product&#038;p=85356"},"modified":"2024-09-29T10:58:58","modified_gmt":"2024-09-29T08:58:58","slug":"meias-sea-homem-copia-copia-copia-2","status":"publish","type":"product","link":"https:\/\/szoltandfrog.com\/pt-pt\/accesorios\/calcetines\/meias-sea-homem-copia-copia-copia-2\/","title":{"rendered":"Meias de surf"},"content":{"rendered":"<p>Meias engra\u00e7adas com desenhos originais e modernos, com a etiqueta Sz\u00f6lt&amp;Frog. Concebido em Espanha e produzido pelos nossos vizinhos em Portugal. Desta vez, temos meias com motivos de bicicletas para homem. Come\u00e7a a criar tend\u00eancias com os teus p\u00e9s&#8230; &#8211; Meias Redondas &#8211; Fabricadas em Portugal &#8211; 80% Algod\u00e3o, 18% Poliamida, 2% Spandex<\/p>\n","protected":false},"excerpt":{"rendered":"<p>Meias engra\u00e7adas com desenhos originais e modernos, com a etiqueta Sz\u00f6lt&amp;Frog. Concebido em Espanha e produzido pelos nossos vizinhos em Portugal. Desta vez, temos meias com motivos de bicicletas para homem. Come\u00e7a a criar tend\u00eancias com os teus p\u00e9s&#8230; &#8211; Meias Redondas &#8211; Fabricadas em Portugal &#8211; 80% Algod\u00e3o, 18% Poliamida, 2% Spandex<\/p>\n","protected":false},"featured_media":85263,"template":"","meta":[],"product_cat":[5315,5088,4955],"product_tag":[],"class_list":{"0":"post-85356","1":"product","2":"type-product","3":"status-publish","4":"has-post-thumbnail","6":"product_cat-aw24-pt-pt","7":"product_cat-complementos","8":"product_cat-meias","10":"first","11":"instock","12":"taxable","13":"shipping-taxable","14":"purchasable","15":"product-type-simple"},"_links":{"self":[{"href":"https:\/\/szoltandfrog.com\/pt-pt\/wp-json\/wp\/v2\/product\/85356","targetHints":{"allow":["GET"]}}],"collection":[{"href":"https:\/\/szoltandfrog.com\/pt-pt\/wp-json\/wp\/v2\/product"}],"about":[{"href":"https:\/\/szoltandfrog.com\/pt-pt\/wp-json\/wp\/v2\/types\/product"}],"version-history":[{"count":0,"href":"https:\/\/szoltandfrog.com\/pt-pt\/wp-json\/wp\/v2\/product\/85356\/revisions"}],"wp:featuredmedia":[{"embeddable":true,"href":"https:\/\/szoltandfrog.com\/pt-pt\/wp-json\/wp\/v2\/media\/85263"}],"wp:attachment":[{"href":"https:\/\/szoltandfrog.com\/pt-pt\/wp-json\/wp\/v2\/media?parent=85356"}],"wp:term":[{"taxonomy":"product_cat","embeddable":true,"href":"https:\/\/szoltandfrog.com\/pt-pt\/wp-json\/wp\/v2\/product_cat?post=85356"},{"taxonomy":"product_tag","embeddable":true,"href":"https:\/\/szoltandfrog.com\/pt-pt\/wp-json\/wp\/v2\/product_tag?post=85356"}],"curies":[{"name":"wp","href":"https:\/\/api.w.org\/{rel}","templated":true}]}}