{"id":84674,"date":"2024-09-13T10:11:40","date_gmt":"2024-09-17T07:53:03","guid":{"rendered":"https:\/\/szoltandfrog.com\/producto\/sem categoria\/camisola-lobo\/"},"modified":"2024-10-07T16:14:28","modified_gmt":"2024-10-07T14:14:28","slug":"camisola-lobo","status":"publish","type":"product","link":"https:\/\/szoltandfrog.com\/pt-pt\/product\/vestuario\/camisolas\/camisola-lobo\/","title":{"rendered":"Camisola lobo"},"content":{"rendered":"<p>No meio da az\u00e1fama urbana, uma floresta de bet\u00e3o tenta moldar-te, mas no teu \u00edntimo bate um cora\u00e7\u00e3o selvagem.<br \/>\nEste lobo, impresso em tecido 100% algod\u00e3o org\u00e2nico, \u00e9 uma lembran\u00e7a para nunca perderes a tua ess\u00eancia.<br \/>\nKEEP NATURE WILD, s\u00ea o lobo que vive dentro de ti.    <\/p>\n<hr>\n<p>  Fabricado em Portugal &#8211; Sweatshirt com bolso &#8211; 100% Algod\u00e3o Biol\u00f3gico &#8211; Peso 350 gramas &#8211; Lavado \u00e0 m\u00e1quina durante o processo de fabrico (para evitar que encolha depois) &#8211; Sweatshirt com estampado &#8211; Animal &#8211; Unisexo<\/p>\n","protected":false},"excerpt":{"rendered":"<p>No meio da az\u00e1fama urbana, uma floresta de bet\u00e3o tenta moldar-te, mas no teu \u00edntimo bate um cora\u00e7\u00e3o selvagem. Este lobo, impresso em tecido 100% algod\u00e3o org\u00e2nico, \u00e9 uma lembran\u00e7a para nunca perderes a tua ess\u00eancia. KEEP NATURE WILD, s\u00ea o lobo que vive dentro de ti. Fabricado em Portugal &#8211; Sweatshirt com bolso &#8211; [&hellip;]<\/p>\n","protected":false},"featured_media":0,"template":"","meta":[],"product_cat":[5315,4956,4975],"product_tag":[],"class_list":{"0":"post-84674","1":"product","2":"type-product","3":"status-publish","5":"product_cat-aw24-pt-pt","6":"product_cat-vestuario","7":"product_cat-camisolas","9":"first","10":"instock","11":"taxable","12":"shipping-taxable","13":"purchasable","14":"product-type-variable","15":"has-default-attributes","16":"wvs-archive-product-wrapper"},"_links":{"self":[{"href":"https:\/\/szoltandfrog.com\/pt-pt\/wp-json\/wp\/v2\/product\/84674","targetHints":{"allow":["GET"]}}],"collection":[{"href":"https:\/\/szoltandfrog.com\/pt-pt\/wp-json\/wp\/v2\/product"}],"about":[{"href":"https:\/\/szoltandfrog.com\/pt-pt\/wp-json\/wp\/v2\/types\/product"}],"version-history":[{"count":0,"href":"https:\/\/szoltandfrog.com\/pt-pt\/wp-json\/wp\/v2\/product\/84674\/revisions"}],"wp:attachment":[{"href":"https:\/\/szoltandfrog.com\/pt-pt\/wp-json\/wp\/v2\/media?parent=84674"}],"wp:term":[{"taxonomy":"product_cat","embeddable":true,"href":"https:\/\/szoltandfrog.com\/pt-pt\/wp-json\/wp\/v2\/product_cat?post=84674"},{"taxonomy":"product_tag","embeddable":true,"href":"https:\/\/szoltandfrog.com\/pt-pt\/wp-json\/wp\/v2\/product_tag?post=84674"}],"curies":[{"name":"wp","href":"https:\/\/api.w.org\/{rel}","templated":true}]}}