{"id":84638,"date":"2024-09-13T10:11:44","date_gmt":"2024-09-17T07:52:34","guid":{"rendered":"https:\/\/szoltandfrog.com\/producto\/sem categoria\/camisola-coruja\/"},"modified":"2024-09-17T09:52:34","modified_gmt":"2024-09-17T07:52:34","slug":"camisola-coruja","status":"publish","type":"product","link":"https:\/\/szoltandfrog.com\/pt-pt\/aw24-pt-pt\/camisola-coruja\/","title":{"rendered":"Camisola coruja"},"content":{"rendered":"<p>Na profundidade da noite, enquanto o mundo dorme, a coruja observa silenciosamente, s\u00e1bia e serena.<br \/>\nA nossa sweatshirt com estampado de coruja \u00e9 muito mais do que uma pe\u00e7a de vestu\u00e1rio; \u00e9 um tributo \u00e0 sabedoria e a uma liga\u00e7\u00e3o profunda \u00e0 natureza, mesmo no meio do caos urbano.   <\/p>\n<hr>\n<p>  Fabricado em Portugal &#8211; T-shirt com bolso &#8211; 100% Algod\u00e3o Biol\u00f3gico &#8211; Peso 350 gramas &#8211; Lavado \u00e0 m\u00e1quina durante o processo de fabrico (para evitar que encolha depois) &#8211; Sweatshirt com estampado &#8211; Animal &#8211; Unisexo<\/p>\n","protected":false},"excerpt":{"rendered":"<p>Na profundidade da noite, enquanto o mundo dorme, a coruja observa silenciosamente, s\u00e1bia e serena. A nossa sweatshirt com estampado de coruja \u00e9 muito mais do que uma pe\u00e7a de vestu\u00e1rio; \u00e9 um tributo \u00e0 sabedoria e a uma liga\u00e7\u00e3o profunda \u00e0 natureza, mesmo no meio do caos urbano. Fabricado em Portugal &#8211; T-shirt com [&hellip;]<\/p>\n","protected":false},"featured_media":86754,"template":"","meta":[],"product_cat":[5315,4956,4975],"product_tag":[],"class_list":{"0":"post-84638","1":"product","2":"type-product","3":"status-publish","4":"has-post-thumbnail","6":"product_cat-aw24-pt-pt","7":"product_cat-vestuario","8":"product_cat-camisolas","10":"first","11":"instock","12":"taxable","13":"shipping-taxable","14":"purchasable","15":"product-type-variable","16":"has-default-attributes","17":"wvs-archive-product-wrapper"},"_links":{"self":[{"href":"https:\/\/szoltandfrog.com\/pt-pt\/wp-json\/wp\/v2\/product\/84638","targetHints":{"allow":["GET"]}}],"collection":[{"href":"https:\/\/szoltandfrog.com\/pt-pt\/wp-json\/wp\/v2\/product"}],"about":[{"href":"https:\/\/szoltandfrog.com\/pt-pt\/wp-json\/wp\/v2\/types\/product"}],"version-history":[{"count":0,"href":"https:\/\/szoltandfrog.com\/pt-pt\/wp-json\/wp\/v2\/product\/84638\/revisions"}],"wp:featuredmedia":[{"embeddable":true,"href":"https:\/\/szoltandfrog.com\/pt-pt\/wp-json\/wp\/v2\/media\/86754"}],"wp:attachment":[{"href":"https:\/\/szoltandfrog.com\/pt-pt\/wp-json\/wp\/v2\/media?parent=84638"}],"wp:term":[{"taxonomy":"product_cat","embeddable":true,"href":"https:\/\/szoltandfrog.com\/pt-pt\/wp-json\/wp\/v2\/product_cat?post=84638"},{"taxonomy":"product_tag","embeddable":true,"href":"https:\/\/szoltandfrog.com\/pt-pt\/wp-json\/wp\/v2\/product_tag?post=84638"}],"curies":[{"name":"wp","href":"https:\/\/api.w.org\/{rel}","templated":true}]}}