{"id":84627,"date":"2024-09-13T10:11:56","date_gmt":"2024-09-17T07:52:24","guid":{"rendered":"https:\/\/szoltandfrog.com\/producto\/sem categoria\/camisola-edo\/"},"modified":"2024-09-17T09:52:24","modified_gmt":"2024-09-17T07:52:24","slug":"camisola-edo","status":"publish","type":"product","link":"https:\/\/szoltandfrog.com\/pt-pt\/product\/vestuario\/camisolas\/camisola-edo\/","title":{"rendered":"Camisola Edo"},"content":{"rendered":"<p>Fabricado em Portugal &#8211; Sweatshirt com bolso &#8211; 100% Algod\u00e3o Biol\u00f3gico &#8211; Peso 350 gramas &#8211; Lavado \u00e0 m\u00e1quina durante o processo de fabrico (para evitar que encolha depois) &#8211; Unisexo<\/p>\n","protected":false},"excerpt":{"rendered":"<p>Fabricado em Portugal &#8211; Sweatshirt com bolso &#8211; 100% Algod\u00e3o Biol\u00f3gico &#8211; Peso 350 gramas &#8211; Lavado \u00e0 m\u00e1quina durante o processo de fabrico (para evitar que encolha depois) &#8211; Unisexo<\/p>\n","protected":false},"featured_media":86730,"template":"","meta":[],"product_cat":[5315,4956,4975],"product_tag":[],"class_list":{"0":"post-84627","1":"product","2":"type-product","3":"status-publish","4":"has-post-thumbnail","6":"product_cat-aw24-pt-pt","7":"product_cat-vestuario","8":"product_cat-camisolas","10":"first","11":"instock","12":"taxable","13":"shipping-taxable","14":"purchasable","15":"product-type-variable","16":"has-default-attributes","17":"wvs-archive-product-wrapper"},"_links":{"self":[{"href":"https:\/\/szoltandfrog.com\/pt-pt\/wp-json\/wp\/v2\/product\/84627","targetHints":{"allow":["GET"]}}],"collection":[{"href":"https:\/\/szoltandfrog.com\/pt-pt\/wp-json\/wp\/v2\/product"}],"about":[{"href":"https:\/\/szoltandfrog.com\/pt-pt\/wp-json\/wp\/v2\/types\/product"}],"version-history":[{"count":0,"href":"https:\/\/szoltandfrog.com\/pt-pt\/wp-json\/wp\/v2\/product\/84627\/revisions"}],"wp:featuredmedia":[{"embeddable":true,"href":"https:\/\/szoltandfrog.com\/pt-pt\/wp-json\/wp\/v2\/media\/86730"}],"wp:attachment":[{"href":"https:\/\/szoltandfrog.com\/pt-pt\/wp-json\/wp\/v2\/media?parent=84627"}],"wp:term":[{"taxonomy":"product_cat","embeddable":true,"href":"https:\/\/szoltandfrog.com\/pt-pt\/wp-json\/wp\/v2\/product_cat?post=84627"},{"taxonomy":"product_tag","embeddable":true,"href":"https:\/\/szoltandfrog.com\/pt-pt\/wp-json\/wp\/v2\/product_tag?post=84627"}],"curies":[{"name":"wp","href":"https:\/\/api.w.org\/{rel}","templated":true}]}}