{"id":77042,"date":"2024-02-28T18:48:49","date_gmt":"2024-04-11T11:02:44","guid":{"rendered":"https:\/\/szoltandfrog.com\/sem%20categoria\/t-shirt-de-palawan\/"},"modified":"2025-01-12T16:25:00","modified_gmt":"2025-01-12T15:25:00","slug":"t-shirt-de-palawan","status":"publish","type":"product","link":"https:\/\/szoltandfrog.com\/pt-pt\/vestuario\/t-shirt-de-palawan\/","title":{"rendered":"T-shirt de Palawan"},"content":{"rendered":"<p>\u00c1guas cristalinas, praias paradis\u00edacas, cascatas e florestas enigm\u00e1ticas<br \/>\ntropical. O sol p\u00f5e-se ao longe, criando um efeito \u00f3tico admir\u00e1vel.<br \/>\nPalawan n\u00e3o \u00e9 apenas um destino, \u00e9 um estado de esp\u00edrito. Esta T-shirt \u00e9 a<br \/>\nverdadeira representa\u00e7\u00e3o. Experimente o que \u00e9 estar numa<br \/>\no para\u00edso na terra s\u00f3 por o usar.<\/p>\n<hr>\n<p>T-shirt com bolso &#8211; 100% Algod\u00e3o org\u00e2nico &#8211; Peso 170 gramas &#8211; Lavada durante o processo de fabrico (para evitar o encolhimento posterior)<\/p>\n","protected":false},"excerpt":{"rendered":"<p>\u00c1guas cristalinas, praias paradis\u00edacas, cascatas e florestas enigm\u00e1ticas tropical. O sol p\u00f5e-se ao longe, criando um efeito \u00f3tico admir\u00e1vel. Palawan n\u00e3o \u00e9 apenas um destino, \u00e9 um estado de esp\u00edrito. Esta T-shirt \u00e9 a verdadeira representa\u00e7\u00e3o. Experimente o que \u00e9 estar numa o para\u00edso na terra s\u00f3 por o usar. T-shirt com bolso &#8211; 100% [&hellip;]<\/p>\n","protected":false},"featured_media":80402,"template":"","meta":[],"product_cat":[4956,5168,5302],"product_tag":[],"class_list":{"0":"post-77042","1":"product","2":"type-product","3":"status-publish","4":"has-post-thumbnail","6":"product_cat-vestuario","7":"product_cat-t-shirts-com-bolsos","8":"product_cat-ss24-pt-pt","10":"first","11":"instock","12":"taxable","13":"shipping-taxable","14":"purchasable","15":"product-type-variable","16":"has-default-attributes","17":"wvs-archive-product-wrapper"},"_links":{"self":[{"href":"https:\/\/szoltandfrog.com\/pt-pt\/wp-json\/wp\/v2\/product\/77042","targetHints":{"allow":["GET"]}}],"collection":[{"href":"https:\/\/szoltandfrog.com\/pt-pt\/wp-json\/wp\/v2\/product"}],"about":[{"href":"https:\/\/szoltandfrog.com\/pt-pt\/wp-json\/wp\/v2\/types\/product"}],"version-history":[{"count":0,"href":"https:\/\/szoltandfrog.com\/pt-pt\/wp-json\/wp\/v2\/product\/77042\/revisions"}],"wp:featuredmedia":[{"embeddable":true,"href":"https:\/\/szoltandfrog.com\/pt-pt\/wp-json\/wp\/v2\/media\/80402"}],"wp:attachment":[{"href":"https:\/\/szoltandfrog.com\/pt-pt\/wp-json\/wp\/v2\/media?parent=77042"}],"wp:term":[{"taxonomy":"product_cat","embeddable":true,"href":"https:\/\/szoltandfrog.com\/pt-pt\/wp-json\/wp\/v2\/product_cat?post=77042"},{"taxonomy":"product_tag","embeddable":true,"href":"https:\/\/szoltandfrog.com\/pt-pt\/wp-json\/wp\/v2\/product_tag?post=77042"}],"curies":[{"name":"wp","href":"https:\/\/api.w.org\/{rel}","templated":true}]}}