{"id":77036,"date":"2024-02-28T18:48:45","date_gmt":"2024-04-11T11:02:30","guid":{"rendered":"https:\/\/szoltandfrog.com\/sem%20categoria\/t-shirt-parai\/"},"modified":"2024-04-11T16:12:52","modified_gmt":"2024-04-11T14:12:52","slug":"t-shirt-parai","status":"publish","type":"product","link":"https:\/\/szoltandfrog.com\/pt-pt\/vestuario\/t-shirt-parai\/","title":{"rendered":"T-shirt Parai"},"content":{"rendered":"<p>Apresentamos a T-shirt que o far\u00e1 vibrar com a energia de um lugar id\u00edlico como Goa. Cada fio est\u00e1 impregnado da pureza que transmite a uni\u00e3o entre as praias e a natureza. Um destino que o convida a mergulhar na sua magia. A sua for\u00e7a impulsion\u00e1-lo-\u00e1 para uma nova aventura. Experimente a experi\u00eancia e deixe Goa despertar os seus sentidos.<\/p>\n<hr>\n<p>T-shirt com bolso &#8211; 100% Algod\u00e3o org\u00e2nico &#8211; Peso 170 gramas &#8211; Lavada durante o processo de fabrico (para evitar o encolhimento posterior)<\/p>\n","protected":false},"excerpt":{"rendered":"<p>Apresentamos a T-shirt que o far\u00e1 vibrar com a energia de um lugar id\u00edlico como Goa. Cada fio est\u00e1 impregnado da pureza que transmite a uni\u00e3o entre as praias e a natureza. Um destino que o convida a mergulhar na sua magia. A sua for\u00e7a impulsion\u00e1-lo-\u00e1 para uma nova aventura. Experimente a experi\u00eancia e deixe [&hellip;]<\/p>\n","protected":false},"featured_media":80222,"template":"","meta":[],"product_cat":[4956,5168,5302],"product_tag":[],"class_list":{"0":"post-77036","1":"product","2":"type-product","3":"status-publish","4":"has-post-thumbnail","6":"product_cat-vestuario","7":"product_cat-t-shirts-com-bolsos","8":"product_cat-ss24-pt-pt","10":"first","11":"instock","12":"taxable","13":"shipping-taxable","14":"purchasable","15":"product-type-variable","16":"has-default-attributes","17":"wvs-archive-product-wrapper"},"_links":{"self":[{"href":"https:\/\/szoltandfrog.com\/pt-pt\/wp-json\/wp\/v2\/product\/77036","targetHints":{"allow":["GET"]}}],"collection":[{"href":"https:\/\/szoltandfrog.com\/pt-pt\/wp-json\/wp\/v2\/product"}],"about":[{"href":"https:\/\/szoltandfrog.com\/pt-pt\/wp-json\/wp\/v2\/types\/product"}],"version-history":[{"count":0,"href":"https:\/\/szoltandfrog.com\/pt-pt\/wp-json\/wp\/v2\/product\/77036\/revisions"}],"wp:featuredmedia":[{"embeddable":true,"href":"https:\/\/szoltandfrog.com\/pt-pt\/wp-json\/wp\/v2\/media\/80222"}],"wp:attachment":[{"href":"https:\/\/szoltandfrog.com\/pt-pt\/wp-json\/wp\/v2\/media?parent=77036"}],"wp:term":[{"taxonomy":"product_cat","embeddable":true,"href":"https:\/\/szoltandfrog.com\/pt-pt\/wp-json\/wp\/v2\/product_cat?post=77036"},{"taxonomy":"product_tag","embeddable":true,"href":"https:\/\/szoltandfrog.com\/pt-pt\/wp-json\/wp\/v2\/product_tag?post=77036"}],"curies":[{"name":"wp","href":"https:\/\/api.w.org\/{rel}","templated":true}]}}