{"id":77000,"date":"2024-02-28T18:48:56","date_gmt":"2024-04-11T10:59:16","guid":{"rendered":"https:\/\/szoltandfrog.com\/sem%20categoria\/t-shirt-miyako\/"},"modified":"2024-04-11T16:12:39","modified_gmt":"2024-04-11T14:12:39","slug":"t-shirt-miyako","status":"publish","type":"product","link":"https:\/\/szoltandfrog.com\/pt-pt\/vestuario\/t-shirt-miyako\/","title":{"rendered":"T-shirt Miyako"},"content":{"rendered":"<p>No cora\u00e7\u00e3o das ilhas Miyako, nasce a ess\u00eancia desta T-shirt.<br \/>\nInspirado na frescura do oceano e nos seus quil\u00f3metros de praias de areia fina<br \/>\nbranco. \u00c9 a pura representa\u00e7\u00e3o da liberdade e da energia que se respira.<br \/>\nnas ilhas. Leve consigo um peda\u00e7o deste para\u00edso e partilhe o seu encanto.<br \/>\ncom o resto do mundo.<\/p>\n<hr>\n<p>T-shirt com bolso &#8211; 100% Algod\u00e3o org\u00e2nico &#8211; Peso 170 gramas &#8211; Lavada durante o processo de fabrico (para evitar o encolhimento posterior)<\/p>\n","protected":false},"excerpt":{"rendered":"<p>No cora\u00e7\u00e3o das ilhas Miyako, nasce a ess\u00eancia desta T-shirt. Inspirado na frescura do oceano e nos seus quil\u00f3metros de praias de areia fina branco. \u00c9 a pura representa\u00e7\u00e3o da liberdade e da energia que se respira. nas ilhas. Leve consigo um peda\u00e7o deste para\u00edso e partilhe o seu encanto. com o resto do mundo. [&hellip;]<\/p>\n","protected":false},"featured_media":80420,"template":"","meta":[],"product_cat":[4956,5168,5161,5302],"product_tag":[],"class_list":{"0":"post-77000","1":"product","2":"type-product","3":"status-publish","4":"has-post-thumbnail","6":"product_cat-vestuario","7":"product_cat-t-shirts-com-bolsos","8":"product_cat-saida","9":"product_cat-ss24-pt-pt","11":"first","12":"outofstock","13":"taxable","14":"shipping-taxable","15":"product-type-variable","16":"has-default-attributes","17":"wvs-archive-product-wrapper"},"_links":{"self":[{"href":"https:\/\/szoltandfrog.com\/pt-pt\/wp-json\/wp\/v2\/product\/77000","targetHints":{"allow":["GET"]}}],"collection":[{"href":"https:\/\/szoltandfrog.com\/pt-pt\/wp-json\/wp\/v2\/product"}],"about":[{"href":"https:\/\/szoltandfrog.com\/pt-pt\/wp-json\/wp\/v2\/types\/product"}],"version-history":[{"count":0,"href":"https:\/\/szoltandfrog.com\/pt-pt\/wp-json\/wp\/v2\/product\/77000\/revisions"}],"wp:featuredmedia":[{"embeddable":true,"href":"https:\/\/szoltandfrog.com\/pt-pt\/wp-json\/wp\/v2\/media\/80420"}],"wp:attachment":[{"href":"https:\/\/szoltandfrog.com\/pt-pt\/wp-json\/wp\/v2\/media?parent=77000"}],"wp:term":[{"taxonomy":"product_cat","embeddable":true,"href":"https:\/\/szoltandfrog.com\/pt-pt\/wp-json\/wp\/v2\/product_cat?post=77000"},{"taxonomy":"product_tag","embeddable":true,"href":"https:\/\/szoltandfrog.com\/pt-pt\/wp-json\/wp\/v2\/product_tag?post=77000"}],"curies":[{"name":"wp","href":"https:\/\/api.w.org\/{rel}","templated":true}]}}