{"id":76970,"date":"2024-02-28T18:48:53","date_gmt":"2024-04-11T10:55:35","guid":{"rendered":"https:\/\/szoltandfrog.com\/sem%20categoria\/t-shirt-phi\/"},"modified":"2024-04-11T16:12:43","modified_gmt":"2024-04-11T14:12:43","slug":"t-shirt-phi","status":"publish","type":"product","link":"https:\/\/szoltandfrog.com\/pt-pt\/vestuario\/t-shirt-phi\/","title":{"rendered":"T-shirt Phi"},"content":{"rendered":"<p>H\u00e1 momentos que nunca se esquecem, como a cor das \u00e1guas azul-turquesa.<br \/>\nque rodeiam as costas deste arquip\u00e9lago. A sensa\u00e7\u00e3o de calma quando<br \/>\nmergulhar nelas \u00e9 indescrit\u00edvel. Descubra a harmonia perfeita entre o seu<br \/>\ncorpo e o ambiente. Vista-se com a ess\u00eancia de Phi Phi e comece a viver a<br \/>\naventura sem limites.<\/p>\n<hr>\n<p>T-shirt com bolso &#8211; 100% Algod\u00e3o org\u00e2nico &#8211; Peso 170 gramas &#8211; Lavada durante o processo de fabrico (para evitar o encolhimento posterior)<\/p>\n","protected":false},"excerpt":{"rendered":"<p>H\u00e1 momentos que nunca se esquecem, como a cor das \u00e1guas azul-turquesa. que rodeiam as costas deste arquip\u00e9lago. A sensa\u00e7\u00e3o de calma quando mergulhar nelas \u00e9 indescrit\u00edvel. Descubra a harmonia perfeita entre o seu corpo e o ambiente. Vista-se com a ess\u00eancia de Phi Phi e comece a viver a aventura sem limites. T-shirt com [&hellip;]<\/p>\n","protected":false},"featured_media":80396,"template":"","meta":[],"product_cat":[4956,5168,5302],"product_tag":[],"class_list":{"0":"post-76970","1":"product","2":"type-product","3":"status-publish","4":"has-post-thumbnail","6":"product_cat-vestuario","7":"product_cat-t-shirts-com-bolsos","8":"product_cat-ss24-pt-pt","10":"first","11":"instock","12":"taxable","13":"shipping-taxable","14":"purchasable","15":"product-type-variable","16":"has-default-attributes","17":"wvs-archive-product-wrapper"},"_links":{"self":[{"href":"https:\/\/szoltandfrog.com\/pt-pt\/wp-json\/wp\/v2\/product\/76970","targetHints":{"allow":["GET"]}}],"collection":[{"href":"https:\/\/szoltandfrog.com\/pt-pt\/wp-json\/wp\/v2\/product"}],"about":[{"href":"https:\/\/szoltandfrog.com\/pt-pt\/wp-json\/wp\/v2\/types\/product"}],"version-history":[{"count":0,"href":"https:\/\/szoltandfrog.com\/pt-pt\/wp-json\/wp\/v2\/product\/76970\/revisions"}],"wp:featuredmedia":[{"embeddable":true,"href":"https:\/\/szoltandfrog.com\/pt-pt\/wp-json\/wp\/v2\/media\/80396"}],"wp:attachment":[{"href":"https:\/\/szoltandfrog.com\/pt-pt\/wp-json\/wp\/v2\/media?parent=76970"}],"wp:term":[{"taxonomy":"product_cat","embeddable":true,"href":"https:\/\/szoltandfrog.com\/pt-pt\/wp-json\/wp\/v2\/product_cat?post=76970"},{"taxonomy":"product_tag","embeddable":true,"href":"https:\/\/szoltandfrog.com\/pt-pt\/wp-json\/wp\/v2\/product_tag?post=76970"}],"curies":[{"name":"wp","href":"https:\/\/api.w.org\/{rel}","templated":true}]}}