{"id":76572,"date":"2024-03-03T23:17:28","date_gmt":"2024-04-02T10:32:23","guid":{"rendered":"https:\/\/szoltandfrog.com\/sem categoria\/cartao-de-oferta\/"},"modified":"2024-04-02T12:32:23","modified_gmt":"2024-04-02T10:32:23","slug":"cartao-de-oferta","status":"publish","type":"product","link":"https:\/\/szoltandfrog.com\/pt-pt\/cartoes-de-oferta\/cartao-de-oferta\/","title":{"rendered":"Cart\u00e3o de oferta"},"content":{"rendered":"","protected":false},"excerpt":{"rendered":"<p>Descubra a liberdade de oferecer com os Cart\u00f5es Presente Szolt&amp;Frog. Transforme a indecis\u00e3o em entusiasmo, oferecendo aos seus amigos ou entes queridos a oportunidade de escolher entre a nossa cole\u00e7\u00e3o exclusiva, desde as ic\u00f3nicas t-shirts de bolso at\u00e9 aos cintos feitos \u00e0 m\u00e3o. Ofere\u00e7a roupas fant\u00e1sticas para usar todos os dias! E apoie a preserva\u00e7\u00e3o do ambiente hoje mesmo com os nossos cart\u00f5es de oferta!<\/p>\n","protected":false},"featured_media":75133,"template":"","meta":[],"product_cat":[5286],"product_tag":[],"class_list":{"0":"post-76572","1":"product","2":"type-product","3":"status-publish","4":"has-post-thumbnail","6":"product_cat-cartoes-de-oferta","8":"first","9":"instock","10":"virtual","11":"taxable","12":"product-type-simple"},"_links":{"self":[{"href":"https:\/\/szoltandfrog.com\/pt-pt\/wp-json\/wp\/v2\/product\/76572","targetHints":{"allow":["GET"]}}],"collection":[{"href":"https:\/\/szoltandfrog.com\/pt-pt\/wp-json\/wp\/v2\/product"}],"about":[{"href":"https:\/\/szoltandfrog.com\/pt-pt\/wp-json\/wp\/v2\/types\/product"}],"version-history":[{"count":0,"href":"https:\/\/szoltandfrog.com\/pt-pt\/wp-json\/wp\/v2\/product\/76572\/revisions"}],"wp:featuredmedia":[{"embeddable":true,"href":"https:\/\/szoltandfrog.com\/pt-pt\/wp-json\/wp\/v2\/media\/75133"}],"wp:attachment":[{"href":"https:\/\/szoltandfrog.com\/pt-pt\/wp-json\/wp\/v2\/media?parent=76572"}],"wp:term":[{"taxonomy":"product_cat","embeddable":true,"href":"https:\/\/szoltandfrog.com\/pt-pt\/wp-json\/wp\/v2\/product_cat?post=76572"},{"taxonomy":"product_tag","embeddable":true,"href":"https:\/\/szoltandfrog.com\/pt-pt\/wp-json\/wp\/v2\/product_tag?post=76572"}],"curies":[{"name":"wp","href":"https:\/\/api.w.org\/{rel}","templated":true}]}}