{"id":74763,"date":"2024-02-28T18:49:03","date_gmt":"2024-02-28T17:49:03","guid":{"rendered":"https:\/\/szoltandfrog.com\/sin%20categor\u00eda\/polo-sipadan\/"},"modified":"2026-04-22T07:09:21","modified_gmt":"2026-04-22T05:09:21","slug":"polo-sipadan","status":"publish","type":"product","link":"https:\/\/szoltandfrog.com\/ropa\/polos-con-bolsillo\/polo-sipadan\/","title":{"rendered":"Polo Sipadan"},"content":{"rendered":"<p>Privilegio y exclusividad son los adjetivos que describen esta isla en las<\/p>\n<p>inmediaciones de Malasia, donde el acceso se limita a uno pocos<\/p>\n<p>afortunados. Su esencia reside en el fondo marino. Un destino con<\/p>\n<p>impresionantes vistas dentro de sus aguas. Cada inmersi\u00f3n se convierte en<\/p>\n<p>una aventura \u00fanica. Prep\u00e1rate para experimentar la magia del mundo<\/p>\n<p>submarino en la superficie.<\/p>\n<hr \/>\n<p>Camiseta con bolsillo \u2013 100% Algod\u00f3n Org\u00e1nico \u2013 Peso 230\/240 gramos \u2013 Prenda lavada durante proceso de fabricaci\u00f3n (para evitar que encoja posteriormente)<\/p>\n","protected":false},"excerpt":{"rendered":"<p>Privilegio y exclusividad son los adjetivos que describen esta isla en las inmediaciones de Malasia, donde el acceso se limita a uno pocos afortunados. Su esencia reside en el fondo marino. Un destino con impresionantes vistas dentro de sus aguas. Cada inmersi\u00f3n se convierte en una aventura \u00fanica. Prep\u00e1rate para experimentar la magia del mundo [&hellip;]<\/p>\n","protected":false},"featured_media":80357,"template":"","meta":[],"product_cat":[271,301],"product_tag":[],"class_list":{"0":"post-74763","1":"product","2":"type-product","3":"status-publish","4":"has-post-thumbnail","6":"product_cat-ropa","7":"product_cat-polos-con-bolsillo","9":"first","10":"instock","11":"taxable","12":"shipping-taxable","13":"purchasable","14":"product-type-variable","15":"wvs-archive-product-wrapper"},"_links":{"self":[{"href":"https:\/\/szoltandfrog.com\/pt-pt\/wp-json\/wp\/v2\/product\/74763","targetHints":{"allow":["GET"]}}],"collection":[{"href":"https:\/\/szoltandfrog.com\/pt-pt\/wp-json\/wp\/v2\/product"}],"about":[{"href":"https:\/\/szoltandfrog.com\/pt-pt\/wp-json\/wp\/v2\/types\/product"}],"version-history":[{"count":1,"href":"https:\/\/szoltandfrog.com\/pt-pt\/wp-json\/wp\/v2\/product\/74763\/revisions"}],"predecessor-version":[{"id":89872,"href":"https:\/\/szoltandfrog.com\/pt-pt\/wp-json\/wp\/v2\/product\/74763\/revisions\/89872"}],"wp:featuredmedia":[{"embeddable":true,"href":"https:\/\/szoltandfrog.com\/pt-pt\/wp-json\/wp\/v2\/media\/80357"}],"wp:attachment":[{"href":"https:\/\/szoltandfrog.com\/pt-pt\/wp-json\/wp\/v2\/media?parent=74763"}],"wp:term":[{"taxonomy":"product_cat","embeddable":true,"href":"https:\/\/szoltandfrog.com\/pt-pt\/wp-json\/wp\/v2\/product_cat?post=74763"},{"taxonomy":"product_tag","embeddable":true,"href":"https:\/\/szoltandfrog.com\/pt-pt\/wp-json\/wp\/v2\/product_tag?post=74763"}],"curies":[{"name":"wp","href":"https:\/\/api.w.org\/{rel}","templated":true}]}}