{"id":74300,"date":"2024-02-08T01:52:10","date_gmt":"2024-02-12T00:07:39","guid":{"rendered":"https:\/\/szoltandfrog.com\/sem categoria\/meias-sea-homem\/"},"modified":"2024-02-12T01:07:39","modified_gmt":"2024-02-12T00:07:39","slug":"meias-sea-homem","status":"publish","type":"product","link":"https:\/\/szoltandfrog.com\/pt-pt\/nao-categorizado\/meias-sea-homem\/","title":{"rendered":"Meias Sea &#8211; Homem"},"content":{"rendered":"<p>Tamanhos 40-44<\/p>\n<p>Meias engra\u00e7adas com desenhos originais e modernos, com a etiqueta Sz\u00f6lt&amp;Frog.<br \/>\nConcebido em Espanha e produzido pelos nossos vizinhos em Portugal.<br \/>\nDesta vez, temos meias com motivos de bicicletas para homem.<br \/>\nComece a criar tend\u00eancias com os seus p\u00e9s&#8230;<\/p>\n<p>&#8211; Meias at\u00e9 ao meio da perna<br \/>\n&#8211; Fabricado em Portugal<br \/>\n&#8211; 80% algod\u00e3o, 18% poliamida, 2% spandex<\/p>\n","protected":false},"excerpt":{"rendered":"<p>Tamanhos 40-44 Meias engra\u00e7adas com desenhos originais e modernos, com a etiqueta Sz\u00f6lt&amp;Frog. Concebido em Espanha e produzido pelos nossos vizinhos em Portugal. Desta vez, temos meias com motivos de bicicletas para homem. Comece a criar tend\u00eancias com os seus p\u00e9s&#8230; &#8211; Meias at\u00e9 ao meio da perna &#8211; Fabricado em Portugal &#8211; 80% algod\u00e3o, [&hellip;]<\/p>\n","protected":false},"featured_media":64300,"template":"","meta":[],"product_cat":[5268],"product_tag":[],"class_list":{"0":"post-74300","1":"product","2":"type-product","3":"status-publish","4":"has-post-thumbnail","6":"product_cat-nao-categorizado","8":"first","9":"outofstock","10":"taxable","11":"shipping-taxable","12":"purchasable","13":"product-type-simple"},"_links":{"self":[{"href":"https:\/\/szoltandfrog.com\/pt-pt\/wp-json\/wp\/v2\/product\/74300","targetHints":{"allow":["GET"]}}],"collection":[{"href":"https:\/\/szoltandfrog.com\/pt-pt\/wp-json\/wp\/v2\/product"}],"about":[{"href":"https:\/\/szoltandfrog.com\/pt-pt\/wp-json\/wp\/v2\/types\/product"}],"version-history":[{"count":0,"href":"https:\/\/szoltandfrog.com\/pt-pt\/wp-json\/wp\/v2\/product\/74300\/revisions"}],"wp:featuredmedia":[{"embeddable":true,"href":"https:\/\/szoltandfrog.com\/pt-pt\/wp-json\/wp\/v2\/media\/64300"}],"wp:attachment":[{"href":"https:\/\/szoltandfrog.com\/pt-pt\/wp-json\/wp\/v2\/media?parent=74300"}],"wp:term":[{"taxonomy":"product_cat","embeddable":true,"href":"https:\/\/szoltandfrog.com\/pt-pt\/wp-json\/wp\/v2\/product_cat?post=74300"},{"taxonomy":"product_tag","embeddable":true,"href":"https:\/\/szoltandfrog.com\/pt-pt\/wp-json\/wp\/v2\/product_tag?post=74300"}],"curies":[{"name":"wp","href":"https:\/\/api.w.org\/{rel}","templated":true}]}}