{"id":74059,"date":"2024-02-11T12:28:27","date_gmt":"2024-02-11T11:28:49","guid":{"rendered":"https:\/\/szoltandfrog.com\/?post_type=product&#038;p=74059"},"modified":"2024-02-11T22:48:57","modified_gmt":"2024-02-11T21:48:57","slug":"camisola-giulia-copia-copia-2","status":"publish","type":"product","link":"https:\/\/szoltandfrog.com\/pt-pt\/vestuario\/camisola-giulia-copia-copia-2\/","title":{"rendered":"Camisola de Phangan"},"content":{"rendered":"","protected":false},"excerpt":{"rendered":"<div class=\"QcsUad BDJ8fb BLojaf sMVRZe wneUed\">\n<div class=\"usGWQd\">\n<div class=\"KkbLmb\">\n<div class=\"lRu31\" dir=\"ltr\">\n<div class=\"flex flex-grow flex-col max-w-full\">\n<div class=\"min-h-[20px] text-message flex flex-col items-start gap-3 whitespace-pre-wrap break-words [.text-message+&amp;]:mt-5 overflow-x-auto\" data-message-author-role=\"assistant\" data-message-id=\"46d130b5-6f89-40d1-9d99-b0280486237a\">\n<div class=\"markdown prose w-full break-words dark:prose-invert dark\">\n<p>Mergulhe no conforto e na consci\u00eancia ecol\u00f3gica com esta camisola! Fabricada com 80% de <strong>l\u00e3<\/strong> e 20% de poliamida, esta camisola n\u00e3o s\u00f3 o mant\u00e9m quente, como tamb\u00e9m respeita o ambiente ao utilizar fibras recicladas <span style=\"text-decoration: underline;\">com certifica\u00e7\u00e3o GRS<\/span>. Moda sustent\u00e1vel para um mundo melhor!<\/p>\n<\/div>\n<ul>\n<li>De momento, trata-se de uma <strong><br \/>\n  <em>oferta limitada<\/em><br \/>\n<\/strong>de oferta limitada do que estamos a trabalhar para as pr\u00f3ximas esta\u00e7\u00f5es.<\/li>\n<li><span style=\"text-decoration: underline;\">O prazo de entrega<\/span> estimado para este produto \u00e9 de 3 semanas.<\/li>\n<li>Dispon\u00edvel <em>apenas<\/em> at\u00e9 18\/02\/24.<\/li>\n<li>Os compradores <strong>receber\u00e3o 5 euros gratuitos<\/strong> na sua pr\u00f3xima compra (dispon\u00edvel durante 1 ano).<\/li>\n<li>Se incluir esta camisola numa encomenda superior a 100 euros, recebe<strong> 15 euros gr\u00e1tis<\/strong> na sua pr\u00f3xima compra (dispon\u00edvel durante 1 ano).<\/li>\n<\/ul>\n<\/div>\n<\/div>\n<\/div>\n<\/div>\n<\/div>\n<\/div>\n","protected":false},"featured_media":74070,"template":"","meta":[],"product_cat":[4956,5265],"product_tag":[5169,5178,5170],"class_list":{"0":"post-74059","1":"product","2":"type-product","3":"status-publish","4":"has-post-thumbnail","6":"product_cat-vestuario","7":"product_cat-camisolas-pt-pt","8":"product_tag-adultos-pt-pt","9":"product_tag-camisolas","10":"product_tag-unissexo","12":"first","13":"outofstock","14":"taxable","15":"shipping-taxable","16":"product-type-variable","17":"wvs-archive-product-wrapper"},"_links":{"self":[{"href":"https:\/\/szoltandfrog.com\/pt-pt\/wp-json\/wp\/v2\/product\/74059","targetHints":{"allow":["GET"]}}],"collection":[{"href":"https:\/\/szoltandfrog.com\/pt-pt\/wp-json\/wp\/v2\/product"}],"about":[{"href":"https:\/\/szoltandfrog.com\/pt-pt\/wp-json\/wp\/v2\/types\/product"}],"version-history":[{"count":0,"href":"https:\/\/szoltandfrog.com\/pt-pt\/wp-json\/wp\/v2\/product\/74059\/revisions"}],"wp:featuredmedia":[{"embeddable":true,"href":"https:\/\/szoltandfrog.com\/pt-pt\/wp-json\/wp\/v2\/media\/74070"}],"wp:attachment":[{"href":"https:\/\/szoltandfrog.com\/pt-pt\/wp-json\/wp\/v2\/media?parent=74059"}],"wp:term":[{"taxonomy":"product_cat","embeddable":true,"href":"https:\/\/szoltandfrog.com\/pt-pt\/wp-json\/wp\/v2\/product_cat?post=74059"},{"taxonomy":"product_tag","embeddable":true,"href":"https:\/\/szoltandfrog.com\/pt-pt\/wp-json\/wp\/v2\/product_tag?post=74059"}],"curies":[{"name":"wp","href":"https:\/\/api.w.org\/{rel}","templated":true}]}}