{"id":73597,"date":"2024-02-08T02:28:28","date_gmt":"2024-02-08T01:28:36","guid":{"rendered":"https:\/\/szoltandfrog.com\/?post_type=product&#038;p=73597"},"modified":"2024-02-12T01:07:27","modified_gmt":"2024-02-12T00:07:27","slug":"camisola-giulia-copia-copia","status":"publish","type":"product","link":"https:\/\/szoltandfrog.com\/pt-pt\/vestuario\/camisola-giulia-copia-copia\/","title":{"rendered":"Camisola Liege"},"content":{"rendered":"","protected":false},"excerpt":{"rendered":"<div class=\"QcsUad BDJ8fb BLojaf sMVRZe wneUed\">\n<div class=\"usGWQd\">\n<div class=\"KkbLmb\">\n<div class=\"lRu31\" dir=\"ltr\"><span class=\"HwtZe\" lang=\"es\"><span class=\"jCAhz ChMk0b\"><span class=\"ryNqvb\">Tal como nos \u00faltimos Outonos, come\u00e7amos a nossa esta\u00e7\u00e3o AW23 com camisolas com bolsos. Neste caso, temos um acabamento azul escuro de uma camisola com um bolso geom\u00e9trico. Combina\u00e7\u00e3o de algod\u00e3o 100% org\u00e2nico de alta qualidade (310 gr) e bolsos de<\/span><\/span> <span class=\"jCAhz ChMk0b\"><span class=\"ryNqvb\">em todo o mundo. Desta vez, quisemos deixar a nossa marca mais clara do que nunca e bord\u00e1mos a nossa tenda carater\u00edstica em cada um dos bolsos. Desenhos unissexo: Tudo para todos!<\/span><\/span><\/span><\/div>\n<\/div>\n<\/div>\n<\/div>\n","protected":false},"featured_media":80072,"template":"","meta":[],"product_cat":[4956,4975,5161],"product_tag":[5169,5178,5170],"class_list":{"0":"post-73597","1":"product","2":"type-product","3":"status-publish","4":"has-post-thumbnail","6":"product_cat-vestuario","7":"product_cat-camisolas","8":"product_cat-saida","9":"product_tag-adultos-pt-pt","10":"product_tag-camisolas","11":"product_tag-unissexo","13":"first","14":"outofstock","15":"taxable","16":"shipping-taxable","17":"product-type-variable","18":"has-default-attributes","19":"wvs-archive-product-wrapper"},"_links":{"self":[{"href":"https:\/\/szoltandfrog.com\/pt-pt\/wp-json\/wp\/v2\/product\/73597","targetHints":{"allow":["GET"]}}],"collection":[{"href":"https:\/\/szoltandfrog.com\/pt-pt\/wp-json\/wp\/v2\/product"}],"about":[{"href":"https:\/\/szoltandfrog.com\/pt-pt\/wp-json\/wp\/v2\/types\/product"}],"version-history":[{"count":0,"href":"https:\/\/szoltandfrog.com\/pt-pt\/wp-json\/wp\/v2\/product\/73597\/revisions"}],"wp:featuredmedia":[{"embeddable":true,"href":"https:\/\/szoltandfrog.com\/pt-pt\/wp-json\/wp\/v2\/media\/80072"}],"wp:attachment":[{"href":"https:\/\/szoltandfrog.com\/pt-pt\/wp-json\/wp\/v2\/media?parent=73597"}],"wp:term":[{"taxonomy":"product_cat","embeddable":true,"href":"https:\/\/szoltandfrog.com\/pt-pt\/wp-json\/wp\/v2\/product_cat?post=73597"},{"taxonomy":"product_tag","embeddable":true,"href":"https:\/\/szoltandfrog.com\/pt-pt\/wp-json\/wp\/v2\/product_tag?post=73597"}],"curies":[{"name":"wp","href":"https:\/\/api.w.org\/{rel}","templated":true}]}}