{"id":73546,"date":"2024-02-08T02:00:13","date_gmt":"2024-02-08T01:00:14","guid":{"rendered":"https:\/\/szoltandfrog.com\/?post_type=product&#038;p=73546"},"modified":"2024-04-02T11:54:48","modified_gmt":"2024-04-02T09:54:48","slug":"meias-rudders-mulher-copia","status":"publish","type":"product","link":"https:\/\/szoltandfrog.com\/pt-pt\/complementos\/meias-rudders-mulher-copia\/","title":{"rendered":"Meias atl\u00e9ticas cor-de-rosa &#8211; Mulher"},"content":{"rendered":"","protected":false},"excerpt":{"rendered":"<p>Tamanhos 36-39Meias divertidas com desenhos originais e modernos, com o selo Sz\u00f6lt&amp;Frog.desenhadas em Espanha e produzidas pelos nossos vizinhos em Portugal.desta vez temos umas meias de leme amarelas para mulher.comece a criar uma tend\u00eancia com os seus p\u00e9s&#8230;- Meias at\u00e9 meio da perna- Fabricadas em Portugal- 80% algod\u00e3o, 18% Poliamida, 2% Spandex<\/p>\n","protected":false},"featured_media":56397,"template":"","meta":[],"product_cat":[5088,4955,4956,5161],"product_tag":[],"class_list":{"0":"post-73546","1":"product","2":"type-product","3":"status-publish","4":"has-post-thumbnail","6":"product_cat-complementos","7":"product_cat-meias","8":"product_cat-vestuario","9":"product_cat-saida","11":"first","12":"outofstock","13":"taxable","14":"shipping-taxable","15":"purchasable","16":"product-type-simple"},"_links":{"self":[{"href":"https:\/\/szoltandfrog.com\/pt-pt\/wp-json\/wp\/v2\/product\/73546","targetHints":{"allow":["GET"]}}],"collection":[{"href":"https:\/\/szoltandfrog.com\/pt-pt\/wp-json\/wp\/v2\/product"}],"about":[{"href":"https:\/\/szoltandfrog.com\/pt-pt\/wp-json\/wp\/v2\/types\/product"}],"version-history":[{"count":0,"href":"https:\/\/szoltandfrog.com\/pt-pt\/wp-json\/wp\/v2\/product\/73546\/revisions"}],"wp:featuredmedia":[{"embeddable":true,"href":"https:\/\/szoltandfrog.com\/pt-pt\/wp-json\/wp\/v2\/media\/56397"}],"wp:attachment":[{"href":"https:\/\/szoltandfrog.com\/pt-pt\/wp-json\/wp\/v2\/media?parent=73546"}],"wp:term":[{"taxonomy":"product_cat","embeddable":true,"href":"https:\/\/szoltandfrog.com\/pt-pt\/wp-json\/wp\/v2\/product_cat?post=73546"},{"taxonomy":"product_tag","embeddable":true,"href":"https:\/\/szoltandfrog.com\/pt-pt\/wp-json\/wp\/v2\/product_tag?post=73546"}],"curies":[{"name":"wp","href":"https:\/\/api.w.org\/{rel}","templated":true}]}}