{"id":73292,"date":"2024-02-03T11:59:06","date_gmt":"2024-02-03T10:59:24","guid":{"rendered":"https:\/\/szoltandfrog.com\/?post_type=product&#038;p=73292"},"modified":"2024-09-06T15:32:26","modified_gmt":"2024-09-06T13:32:26","slug":"t-shirt-kobe-copy","status":"publish","type":"product","link":"https:\/\/szoltandfrog.com\/pt-pt\/vestuario\/t-shirts-com-bolsos\/t-shirt-kobe-copy\/","title":{"rendered":"T-shirt Froia"},"content":{"rendered":"<p>Temos aqui a T-shirt Froia navy, em 100% Algod\u00e3o Org\u00e2nico de 170 gr e bolso geom\u00e9trico multicolorido em tecido \u00e9tnico que temos a certeza que se tornar\u00e1 um b\u00e1sico no seu guarda-roupa.<\/p>\n<p>Tal como acontece com o resto dos nossos novos modelos, queremos tornar a nossa marca mais vis\u00edvel do que nunca e poder\u00e1 exibir o nosso log\u00f3tipo bordado no bolso do peito.<\/p>\n","protected":false},"excerpt":{"rendered":"<p>Lan\u00e7amos a nossa cole\u00e7\u00e3o primavera-ver\u00e3o 2023 com uma cor que foi muito solicitada na RRSS.<\/p>\n<p>Sim!!! Temos aqui a T-shirt Kobe verde, em 100% Algod\u00e3o Org\u00e2nico de 170 gr e bolso geom\u00e9trico multicolorido em tecido \u00e9tnico que temos a certeza que se tornar\u00e1 um b\u00e1sico no seu guarda-roupa.<\/p>\n<p>Tal como acontece com o resto dos nossos novos modelos, queremos tornar a nossa marca mais vis\u00edvel do que nunca e poder\u00e1 exibir o nosso log\u00f3tipo bordado no bolso do peito.<\/p>\n<p>Design unissexo para homens e mulheres! Ajuste regular; Verifique o seu tamanho no guia que prepar\u00e1mos clicando <a href=\"https:\/\/szoltandfrog.com\/guia-de-tallas\/\">aqui<\/a>!<\/p>\n","protected":false},"featured_media":80120,"template":"","meta":[],"product_cat":[4956,5168,5302],"product_tag":[5169,5172,5171,5170],"class_list":{"0":"post-73292","1":"product","2":"type-product","3":"status-publish","4":"has-post-thumbnail","6":"product_cat-vestuario","7":"product_cat-t-shirts-com-bolsos","8":"product_cat-ss24-pt-pt","9":"product_tag-adultos-pt-pt","10":"product_tag-bolso","11":"product_tag-t-shirts-pt-pt","12":"product_tag-unissexo","14":"first","15":"instock","16":"taxable","17":"shipping-taxable","18":"purchasable","19":"product-type-variable","20":"has-default-attributes","21":"wvs-archive-product-wrapper"},"_links":{"self":[{"href":"https:\/\/szoltandfrog.com\/pt-pt\/wp-json\/wp\/v2\/product\/73292","targetHints":{"allow":["GET"]}}],"collection":[{"href":"https:\/\/szoltandfrog.com\/pt-pt\/wp-json\/wp\/v2\/product"}],"about":[{"href":"https:\/\/szoltandfrog.com\/pt-pt\/wp-json\/wp\/v2\/types\/product"}],"version-history":[{"count":0,"href":"https:\/\/szoltandfrog.com\/pt-pt\/wp-json\/wp\/v2\/product\/73292\/revisions"}],"wp:featuredmedia":[{"embeddable":true,"href":"https:\/\/szoltandfrog.com\/pt-pt\/wp-json\/wp\/v2\/media\/80120"}],"wp:attachment":[{"href":"https:\/\/szoltandfrog.com\/pt-pt\/wp-json\/wp\/v2\/media?parent=73292"}],"wp:term":[{"taxonomy":"product_cat","embeddable":true,"href":"https:\/\/szoltandfrog.com\/pt-pt\/wp-json\/wp\/v2\/product_cat?post=73292"},{"taxonomy":"product_tag","embeddable":true,"href":"https:\/\/szoltandfrog.com\/pt-pt\/wp-json\/wp\/v2\/product_tag?post=73292"}],"curies":[{"name":"wp","href":"https:\/\/api.w.org\/{rel}","templated":true}]}}