{"id":71836,"date":"2019-11-27T18:20:41","date_gmt":"2024-01-08T16:04:09","guid":{"rendered":"https:\/\/szoltandfrog.com\/tienda\/sem%20categoria\/t-shirt-gurupa\/"},"modified":"2024-07-04T09:32:47","modified_gmt":"2024-07-04T07:32:47","slug":"t-shirt-gurupa","status":"publish","type":"product","link":"https:\/\/szoltandfrog.com\/pt-pt\/vestuario\/t-shirt-gurupa\/","title":{"rendered":"T-shirt Gurupa"},"content":{"rendered":"","protected":false},"excerpt":{"rendered":"<p>Foi com eles que tudo come\u00e7ou! A quinta cole\u00e7\u00e3o das nossas bem sucedidas T-shirts de bolso.<\/p>\n<p>Neste caso, reeditamos o nosso sucesso de 2019 com um cinzento 100% algod\u00e3o org\u00e2nico com bolso \u00e0s riscas.<\/p>\n<p>100% algod\u00e3o org\u00e2nico GOTS (Global Organic Textile Standard) 170 gr e bolsos feitos com tecidos de todo o mundo.<\/p>\n<p>Desta vez, quisemos deixar a nossa marca mais clara do que nunca e bord\u00e1mos a nossa tenda carater\u00edstica em cada um dos bolsos.<\/p>\n<p>Desenhos unissexo: Tudo para todos! Ajuste regular; Verifique o seu tamanho com o nosso guia de tamanhos <a href=\"https:\/\/szoltandfrog.com\/guia-de-tallas\/\">aqui<\/a>!<\/p>\n<p>Concebida em Espanha e fabricada no nosso vizinho Portugal!<\/p>\n","protected":false},"featured_media":65651,"template":"","meta":[],"product_cat":[4956,5168],"product_tag":[5169,5172,5171,5170],"class_list":{"0":"post-71836","1":"product","2":"type-product","3":"status-publish","4":"has-post-thumbnail","6":"product_cat-vestuario","7":"product_cat-t-shirts-com-bolsos","8":"product_tag-adultos-pt-pt","9":"product_tag-bolso","10":"product_tag-t-shirts-pt-pt","11":"product_tag-unissexo","13":"first","14":"instock","15":"taxable","16":"shipping-taxable","17":"purchasable","18":"product-type-variable","19":"has-default-attributes","20":"wvs-archive-product-wrapper"},"_links":{"self":[{"href":"https:\/\/szoltandfrog.com\/pt-pt\/wp-json\/wp\/v2\/product\/71836","targetHints":{"allow":["GET"]}}],"collection":[{"href":"https:\/\/szoltandfrog.com\/pt-pt\/wp-json\/wp\/v2\/product"}],"about":[{"href":"https:\/\/szoltandfrog.com\/pt-pt\/wp-json\/wp\/v2\/types\/product"}],"version-history":[{"count":0,"href":"https:\/\/szoltandfrog.com\/pt-pt\/wp-json\/wp\/v2\/product\/71836\/revisions"}],"wp:featuredmedia":[{"embeddable":true,"href":"https:\/\/szoltandfrog.com\/pt-pt\/wp-json\/wp\/v2\/media\/65651"}],"wp:attachment":[{"href":"https:\/\/szoltandfrog.com\/pt-pt\/wp-json\/wp\/v2\/media?parent=71836"}],"wp:term":[{"taxonomy":"product_cat","embeddable":true,"href":"https:\/\/szoltandfrog.com\/pt-pt\/wp-json\/wp\/v2\/product_cat?post=71836"},{"taxonomy":"product_tag","embeddable":true,"href":"https:\/\/szoltandfrog.com\/pt-pt\/wp-json\/wp\/v2\/product_tag?post=71836"}],"curies":[{"name":"wp","href":"https:\/\/api.w.org\/{rel}","templated":true}]}}