{"id":71806,"date":"2020-07-22T00:24:16","date_gmt":"2024-01-08T16:03:31","guid":{"rendered":"https:\/\/szoltandfrog.com\/tienda\/sem%20categoria\/t-shirt-tromso\/"},"modified":"2024-08-13T09:54:35","modified_gmt":"2024-08-13T07:54:35","slug":"t-shirt-tromso","status":"publish","type":"product","link":"https:\/\/szoltandfrog.com\/pt-pt\/vestuario\/t-shirts-com-bolsos\/t-shirt-tromso\/","title":{"rendered":"T-shirt Tromso"},"content":{"rendered":"","protected":false},"excerpt":{"rendered":"<p>Apresentamos-lhe uma T-shirt verde lavada com 100% algod\u00e3o org\u00e2nico e bolso geom\u00e9trico.<\/p>\n<p>A T-shirt Tromso em verde caqui, em 100% Algod\u00e3o Org\u00e2nico de 170 gr e bolso geom\u00e9trico em tecido \u00e9tnico \u00e9 uma aposta para esta nova esta\u00e7\u00e3o outono-inverno.<\/p>\n<p>Tal como acontece com o resto dos nossos novos modelos, queremos tornar a nossa marca mais vis\u00edvel do que nunca e poder\u00e1 exibir o nosso log\u00f3tipo bordado no bolso do peito.<\/p>\n<p>Design unissexo para homens e mulheres! Ajuste regular; verifique o seu tamanho com as medidas da imagem!<\/p>\n<p>Concebida em Espanha e fabricada no nosso vizinho Portugal!<\/p>\n","protected":false},"featured_media":80168,"template":"","meta":[],"product_cat":[4956,5168,5302],"product_tag":[5169,5172,5171,5170],"class_list":{"0":"post-71806","1":"product","2":"type-product","3":"status-publish","4":"has-post-thumbnail","6":"product_cat-vestuario","7":"product_cat-t-shirts-com-bolsos","8":"product_cat-ss24-pt-pt","9":"product_tag-adultos-pt-pt","10":"product_tag-bolso","11":"product_tag-t-shirts-pt-pt","12":"product_tag-unissexo","14":"first","15":"instock","16":"taxable","17":"shipping-taxable","18":"purchasable","19":"product-type-variable","20":"has-default-attributes","21":"wvs-archive-product-wrapper"},"_links":{"self":[{"href":"https:\/\/szoltandfrog.com\/pt-pt\/wp-json\/wp\/v2\/product\/71806","targetHints":{"allow":["GET"]}}],"collection":[{"href":"https:\/\/szoltandfrog.com\/pt-pt\/wp-json\/wp\/v2\/product"}],"about":[{"href":"https:\/\/szoltandfrog.com\/pt-pt\/wp-json\/wp\/v2\/types\/product"}],"version-history":[{"count":0,"href":"https:\/\/szoltandfrog.com\/pt-pt\/wp-json\/wp\/v2\/product\/71806\/revisions"}],"wp:featuredmedia":[{"embeddable":true,"href":"https:\/\/szoltandfrog.com\/pt-pt\/wp-json\/wp\/v2\/media\/80168"}],"wp:attachment":[{"href":"https:\/\/szoltandfrog.com\/pt-pt\/wp-json\/wp\/v2\/media?parent=71806"}],"wp:term":[{"taxonomy":"product_cat","embeddable":true,"href":"https:\/\/szoltandfrog.com\/pt-pt\/wp-json\/wp\/v2\/product_cat?post=71806"},{"taxonomy":"product_tag","embeddable":true,"href":"https:\/\/szoltandfrog.com\/pt-pt\/wp-json\/wp\/v2\/product_tag?post=71806"}],"curies":[{"name":"wp","href":"https:\/\/api.w.org\/{rel}","templated":true}]}}