{"id":71671,"date":"2021-04-10T00:40:57","date_gmt":"2024-01-08T15:57:53","guid":{"rendered":"https:\/\/szoltandfrog.com\/tienda\/sem categoria\/cinto-de-couro-etnico-ryfoss\/"},"modified":"2024-01-08T16:57:53","modified_gmt":"2024-01-08T15:57:53","slug":"cinto-de-couro-etnico-ryfoss","status":"publish","type":"product","link":"https:\/\/szoltandfrog.com\/pt-pt\/cintos\/cinto-de-couro-etnico-ryfoss\/","title":{"rendered":"Cinto de couro \u00e9tnico Ryfoss"},"content":{"rendered":"","protected":false},"excerpt":{"rendered":"<p>Cinto \u00e9tnico de couro bege para homem e mulher, com tecido \u00e0s riscas:<\/p>\n<p>&#8211; Tecidos especiais de todo o mundo<br \/>\n&#8211; Feito \u00e0 m\u00e3o em Espanha  <img decoding=\"async\" class=\"alignnone wp-image-12467\" src=\"https:\/\/szoltandfrog.com\/wp-content\/uploads\/2019\/06\/spanish-flah.jpg\" alt=\"\" width=\"20\" height=\"16\"><br \/>\n&#8211; 100% couro de alta qualidade<br \/>\n&#8211; Dispon\u00edvel no tamanho 85 (cal\u00e7as 38-40), no tamanho 90 (cal\u00e7as 42-44) ou no tamanho 95 (cal\u00e7as 46-48-50).<\/p>\n","protected":false},"featured_media":62956,"template":"","meta":[],"product_cat":[5088,5087],"product_tag":[],"class_list":{"0":"post-71671","1":"product","2":"type-product","3":"status-publish","4":"has-post-thumbnail","6":"product_cat-complementos","7":"product_cat-cintos","9":"first","10":"instock","11":"taxable","12":"shipping-taxable","13":"purchasable","14":"product-type-variable","15":"has-default-attributes","16":"wvs-archive-product-wrapper"},"_links":{"self":[{"href":"https:\/\/szoltandfrog.com\/pt-pt\/wp-json\/wp\/v2\/product\/71671","targetHints":{"allow":["GET"]}}],"collection":[{"href":"https:\/\/szoltandfrog.com\/pt-pt\/wp-json\/wp\/v2\/product"}],"about":[{"href":"https:\/\/szoltandfrog.com\/pt-pt\/wp-json\/wp\/v2\/types\/product"}],"version-history":[{"count":0,"href":"https:\/\/szoltandfrog.com\/pt-pt\/wp-json\/wp\/v2\/product\/71671\/revisions"}],"wp:featuredmedia":[{"embeddable":true,"href":"https:\/\/szoltandfrog.com\/pt-pt\/wp-json\/wp\/v2\/media\/62956"}],"wp:attachment":[{"href":"https:\/\/szoltandfrog.com\/pt-pt\/wp-json\/wp\/v2\/media?parent=71671"}],"wp:term":[{"taxonomy":"product_cat","embeddable":true,"href":"https:\/\/szoltandfrog.com\/pt-pt\/wp-json\/wp\/v2\/product_cat?post=71671"},{"taxonomy":"product_tag","embeddable":true,"href":"https:\/\/szoltandfrog.com\/pt-pt\/wp-json\/wp\/v2\/product_tag?post=71671"}],"curies":[{"name":"wp","href":"https:\/\/api.w.org\/{rel}","templated":true}]}}