{"id":71662,"date":"2020-08-30T17:31:35","date_gmt":"2024-01-08T15:57:29","guid":{"rendered":"https:\/\/szoltandfrog.com\/tienda\/sem categoria\/cinto-de-couro-etnico-nampa\/"},"modified":"2024-01-08T16:57:29","modified_gmt":"2024-01-08T15:57:29","slug":"cinto-de-couro-etnico-nampa","status":"publish","type":"product","link":"https:\/\/szoltandfrog.com\/pt-pt\/complementos\/cinto-de-couro-etnico-nampa\/","title":{"rendered":"Cinto de couro \u00e9tnico Nampa"},"content":{"rendered":"","protected":false},"excerpt":{"rendered":"<p>Cinto \u00e9tnico de couro verde para homem e mulher, com tecido \u00e0s riscas:<\/p>\n<p>&#8211; Tecidos especiais de todo o mundo<br \/>\n&#8211; Feito \u00e0 m\u00e3o em Espanha  <img decoding=\"async\" class=\"alignnone wp-image-12467\" src=\"https:\/\/szoltandfrog.com\/wp-content\/uploads\/2019\/06\/spanish-flah.jpg\" alt=\"\" width=\"20\" height=\"16\"><br \/>\n&#8211; 100% couro de alta qualidade<br \/>\n&#8211; Dispon\u00edvel no tamanho 85 (cal\u00e7as 38-40), no tamanho 90 (cal\u00e7as 42-44) ou no tamanho 95 (cal\u00e7as 46-48-50).<\/p>\n","protected":false},"featured_media":61087,"template":"","meta":[],"product_cat":[5088,5087,5161],"product_tag":[],"class_list":{"0":"post-71662","1":"product","2":"type-product","3":"status-publish","4":"has-post-thumbnail","6":"product_cat-complementos","7":"product_cat-cintos","8":"product_cat-saida","10":"first","11":"outofstock","12":"taxable","13":"shipping-taxable","14":"product-type-variable","15":"wvs-archive-product-wrapper"},"_links":{"self":[{"href":"https:\/\/szoltandfrog.com\/pt-pt\/wp-json\/wp\/v2\/product\/71662","targetHints":{"allow":["GET"]}}],"collection":[{"href":"https:\/\/szoltandfrog.com\/pt-pt\/wp-json\/wp\/v2\/product"}],"about":[{"href":"https:\/\/szoltandfrog.com\/pt-pt\/wp-json\/wp\/v2\/types\/product"}],"version-history":[{"count":0,"href":"https:\/\/szoltandfrog.com\/pt-pt\/wp-json\/wp\/v2\/product\/71662\/revisions"}],"wp:featuredmedia":[{"embeddable":true,"href":"https:\/\/szoltandfrog.com\/pt-pt\/wp-json\/wp\/v2\/media\/61087"}],"wp:attachment":[{"href":"https:\/\/szoltandfrog.com\/pt-pt\/wp-json\/wp\/v2\/media?parent=71662"}],"wp:term":[{"taxonomy":"product_cat","embeddable":true,"href":"https:\/\/szoltandfrog.com\/pt-pt\/wp-json\/wp\/v2\/product_cat?post=71662"},{"taxonomy":"product_tag","embeddable":true,"href":"https:\/\/szoltandfrog.com\/pt-pt\/wp-json\/wp\/v2\/product_tag?post=71662"}],"curies":[{"name":"wp","href":"https:\/\/api.w.org\/{rel}","templated":true}]}}