{"id":71539,"date":"2021-05-20T22:38:34","date_gmt":"2024-01-08T15:53:12","guid":{"rendered":"https:\/\/szoltandfrog.com\/tienda\/sem%20categoria\/sweatshirt-hesse-para-criancas\/"},"modified":"2024-02-04T20:37:51","modified_gmt":"2024-02-04T19:37:51","slug":"sweatshirt-hesse-para-criancas","status":"publish","type":"product","link":"https:\/\/szoltandfrog.com\/pt-pt\/vestuario\/camisolas\/sweatshirt-hesse-para-criancas\/","title":{"rendered":"Sweatshirt Hesse para crian\u00e7as"},"content":{"rendered":"","protected":false},"excerpt":{"rendered":"<p>Muitos de v\u00f3s clamavam por isso, camisolas e sweatshirts para levar com as crian\u00e7as.<\/p>\n<p>Bem-vindo \u00e0 primeira cole\u00e7\u00e3o Sz\u00f6lt &amp; Frog Kids para os membros mais jovens da fam\u00edlia.<\/p>\n<p>Com toda a identidade dos nossos maiores \u00eaxitos, mas adaptados para os mais pequenos e com o nosso novo log\u00f3tipo para crian\u00e7as.<\/p>\n<p>A camisola Hesse Kids, tal como a sua irm\u00e3 mais velha <strong><br \/>\n  <u><br \/>\n    <a href=\"https:\/\/szoltandfrog.com\/comprar\/sudadera-hesse\/\">Hesse<\/a><br \/>\n  <\/u><br \/>\n<\/strong>\u00e9 feita de uma combina\u00e7\u00e3o de 75% de algod\u00e3o de primeira qualidade e 25% de poli\u00e9ster (310 gr) e bolsos feitos de tecidos de todo o mundo com o nosso log\u00f3tipo bordado no peito.<\/p>\n<p>Como sabemos que muitas vezes \u00e9 dif\u00edcil encontrar o tamanho certo para os mais pequenos, deix\u00e1mos um guia de tamanhos para si aqui <strong><u><a href=\"https:\/\/szoltandfrog.com\/guia-de-tallas\/\">aqui<\/a><\/u> <\/strong>com as medidas exactas e uma aproxima\u00e7\u00e3o da altura da crian\u00e7a!<\/p>\n<p>Em caso de d\u00favida, recomendamos que me\u00e7a uma das sweatshirts que j\u00e1 tem e, se se enganar ou se n\u00e3o lhe servir, n\u00e3o se preocupe, pois a primeira mudan\u00e7a de tamanho \u00e9 totalmente gratuita.<\/p>\n<p>Em conformidade com a regulamenta\u00e7\u00e3o europeia relativa aos t\u00eaxteis para menores, os tamanhos 4-5 e 6-7 n\u00e3o ter\u00e3o cord\u00f5es no capuz para evitar acidentes.<\/p>\n<p>Concebida em Espanha e fabricada no nosso vizinho Portugal!<\/p>\n","protected":false},"featured_media":80024,"template":"","meta":[],"product_cat":[4956,5189,4975,5161],"product_tag":[5172,5178,5190,5170],"class_list":{"0":"post-71539","1":"product","2":"type-product","3":"status-publish","4":"has-post-thumbnail","6":"product_cat-vestuario","7":"product_cat-criancas","8":"product_cat-camisolas","9":"product_cat-saida","10":"product_tag-bolso","11":"product_tag-camisolas","12":"product_tag-criancas","13":"product_tag-unissexo","15":"first","16":"instock","17":"taxable","18":"shipping-taxable","19":"product-type-variable","20":"wvs-archive-product-wrapper"},"_links":{"self":[{"href":"https:\/\/szoltandfrog.com\/pt-pt\/wp-json\/wp\/v2\/product\/71539","targetHints":{"allow":["GET"]}}],"collection":[{"href":"https:\/\/szoltandfrog.com\/pt-pt\/wp-json\/wp\/v2\/product"}],"about":[{"href":"https:\/\/szoltandfrog.com\/pt-pt\/wp-json\/wp\/v2\/types\/product"}],"version-history":[{"count":0,"href":"https:\/\/szoltandfrog.com\/pt-pt\/wp-json\/wp\/v2\/product\/71539\/revisions"}],"wp:featuredmedia":[{"embeddable":true,"href":"https:\/\/szoltandfrog.com\/pt-pt\/wp-json\/wp\/v2\/media\/80024"}],"wp:attachment":[{"href":"https:\/\/szoltandfrog.com\/pt-pt\/wp-json\/wp\/v2\/media?parent=71539"}],"wp:term":[{"taxonomy":"product_cat","embeddable":true,"href":"https:\/\/szoltandfrog.com\/pt-pt\/wp-json\/wp\/v2\/product_cat?post=71539"},{"taxonomy":"product_tag","embeddable":true,"href":"https:\/\/szoltandfrog.com\/pt-pt\/wp-json\/wp\/v2\/product_tag?post=71539"}],"curies":[{"name":"wp","href":"https:\/\/api.w.org\/{rel}","templated":true}]}}