{"id":71521,"date":"2021-05-20T22:57:19","date_gmt":"2024-01-08T15:52:52","guid":{"rendered":"https:\/\/szoltandfrog.com\/tienda\/sem%20categoria\/t-shirt-rugen-kids\/"},"modified":"2024-03-27T10:47:35","modified_gmt":"2024-03-27T09:47:35","slug":"t-shirt-rugen-kids","status":"publish","type":"product","link":"https:\/\/szoltandfrog.com\/pt-pt\/vestuario\/criancas\/t-shirt-rugen-kids\/","title":{"rendered":"T-shirt Rugen Kids"},"content":{"rendered":"","protected":false},"excerpt":{"rendered":"<p>Muitos de v\u00f3s clamavam por isso, camisolas e sweatshirts para levar com as crian\u00e7as.<\/p>\n<p>Bem-vindo \u00e0 primeira cole\u00e7\u00e3o Sz\u00f6lt &amp; Frog Kids para os membros mais jovens da fam\u00edlia.<\/p>\n<p>Com toda a identidade dos nossos maiores sucessos em 100% algod\u00e3o org\u00e2nico, mas adaptado para os mais pequenos e com o nosso novo log\u00f3tipo Kids.<\/p>\n<p>A T-shirt Rugen Kids, tal como a sua irm\u00e3 mais velha <strong><br \/>\n  <u><br \/>\n    <a href=\"https:\/\/szoltandfrog.com\/comprar\/camiseta-rugen\/\">Rugen<\/a><br \/>\n  <\/u><br \/>\n<\/strong>A T-shirt Rugen Kids, tal como a sua irm\u00e3 mais velha, \u00e9 feita de 100% algod\u00e3o org\u00e2nico de 170 gramas com um bolso de tecido \u00e9tnico \u00e0s riscas em tons de verde e o nosso log\u00f3tipo bordado no peito.<\/p>\n<p>Como sabemos que muitas vezes \u00e9 dif\u00edcil encontrar o tamanho certo para os mais pequenos, deix\u00e1mos um guia de tamanhos para si aqui <strong><u><a href=\"https:\/\/szoltandfrog.com\/guia-de-tallas\/\">aqui<\/a><\/u> <\/strong>com as medidas exactas e uma aproxima\u00e7\u00e3o da altura da crian\u00e7a!<\/p>\n<p>Em caso de d\u00favida, recomendamos que me\u00e7a uma das T-shirts que j\u00e1 tem e, se se enganar ou se n\u00e3o lhe servir, n\u00e3o se preocupe, pois a primeira mudan\u00e7a de tamanho \u00e9 totalmente gratuita.<\/p>\n<p>Concebida em Espanha e fabricada no nosso vizinho Portugal!<\/p>\n","protected":false},"featured_media":63663,"template":"","meta":[],"product_cat":[4956,5189,5161],"product_tag":[5172,5190,5171,5170],"class_list":{"0":"post-71521","1":"product","2":"type-product","3":"status-publish","4":"has-post-thumbnail","6":"product_cat-vestuario","7":"product_cat-criancas","8":"product_cat-saida","9":"product_tag-bolso","10":"product_tag-criancas","11":"product_tag-t-shirts-pt-pt","12":"product_tag-unissexo","14":"first","15":"outofstock","16":"taxable","17":"shipping-taxable","18":"product-type-variable","19":"wvs-archive-product-wrapper"},"_links":{"self":[{"href":"https:\/\/szoltandfrog.com\/pt-pt\/wp-json\/wp\/v2\/product\/71521","targetHints":{"allow":["GET"]}}],"collection":[{"href":"https:\/\/szoltandfrog.com\/pt-pt\/wp-json\/wp\/v2\/product"}],"about":[{"href":"https:\/\/szoltandfrog.com\/pt-pt\/wp-json\/wp\/v2\/types\/product"}],"version-history":[{"count":0,"href":"https:\/\/szoltandfrog.com\/pt-pt\/wp-json\/wp\/v2\/product\/71521\/revisions"}],"wp:featuredmedia":[{"embeddable":true,"href":"https:\/\/szoltandfrog.com\/pt-pt\/wp-json\/wp\/v2\/media\/63663"}],"wp:attachment":[{"href":"https:\/\/szoltandfrog.com\/pt-pt\/wp-json\/wp\/v2\/media?parent=71521"}],"wp:term":[{"taxonomy":"product_cat","embeddable":true,"href":"https:\/\/szoltandfrog.com\/pt-pt\/wp-json\/wp\/v2\/product_cat?post=71521"},{"taxonomy":"product_tag","embeddable":true,"href":"https:\/\/szoltandfrog.com\/pt-pt\/wp-json\/wp\/v2\/product_tag?post=71521"}],"curies":[{"name":"wp","href":"https:\/\/api.w.org\/{rel}","templated":true}]}}