{"id":71487,"date":"2021-09-18T16:41:17","date_gmt":"2024-01-08T15:51:39","guid":{"rendered":"https:\/\/szoltandfrog.com\/tienda\/sem%20categoria\/camisola-kabir\/"},"modified":"2025-07-27T17:26:02","modified_gmt":"2025-07-27T15:26:02","slug":"camisola-kabir","status":"publish","type":"product","link":"https:\/\/szoltandfrog.com\/pt-pt\/vestuario\/camisolas\/camisola-kabir\/","title":{"rendered":"Camisola Kabir"},"content":{"rendered":"","protected":false},"excerpt":{"rendered":"<p>Come\u00e7\u00e1mos com t-shirts e agora estamos a lan\u00e7ar a nossa cole\u00e7\u00e3o de hoodies de bolso.<\/p>\n<p>Neste caso, temos uma sweatshirt cinzenta com um bolso geom\u00e9trico.<\/p>\n<p>Combina\u00e7\u00e3o de 75% de algod\u00e3o de qualidade superior com 25% de poli\u00e9ster (310 gr) e bolsos fabricados com tecidos de todo o mundo.<\/p>\n<p>Desta vez, quisemos deixar a nossa marca mais clara do que nunca e bord\u00e1mos a nossa tenda carater\u00edstica em cada um dos bolsos.<\/p>\n<p>Desenhos unissexo: Tudo para todos! Verifique o seu tamanho com o nosso guia de tamanhos <a href=\"https:\/\/szoltandfrog.com\/guia-de-tallas\/\">aqui<\/a>!<\/p>\n<p>Concebida em Espanha e fabricada no nosso vizinho Portugal!<\/p>\n<p>Tem 1,67 m de altura, pesa 65 kg e veste o tamanho S.<\/p>\n","protected":false},"featured_media":80054,"template":"","meta":[],"product_cat":[4956,4975,5161],"product_tag":[5169,5172,5178,5170],"class_list":{"0":"post-71487","1":"product","2":"type-product","3":"status-publish","4":"has-post-thumbnail","6":"product_cat-vestuario","7":"product_cat-camisolas","8":"product_cat-saida","9":"product_tag-adultos-pt-pt","10":"product_tag-bolso","11":"product_tag-camisolas","12":"product_tag-unissexo","14":"first","15":"instock","16":"taxable","17":"shipping-taxable","18":"purchasable","19":"product-type-variable","20":"has-default-attributes","21":"wvs-archive-product-wrapper"},"_links":{"self":[{"href":"https:\/\/szoltandfrog.com\/pt-pt\/wp-json\/wp\/v2\/product\/71487","targetHints":{"allow":["GET"]}}],"collection":[{"href":"https:\/\/szoltandfrog.com\/pt-pt\/wp-json\/wp\/v2\/product"}],"about":[{"href":"https:\/\/szoltandfrog.com\/pt-pt\/wp-json\/wp\/v2\/types\/product"}],"version-history":[{"count":0,"href":"https:\/\/szoltandfrog.com\/pt-pt\/wp-json\/wp\/v2\/product\/71487\/revisions"}],"wp:featuredmedia":[{"embeddable":true,"href":"https:\/\/szoltandfrog.com\/pt-pt\/wp-json\/wp\/v2\/media\/80054"}],"wp:attachment":[{"href":"https:\/\/szoltandfrog.com\/pt-pt\/wp-json\/wp\/v2\/media?parent=71487"}],"wp:term":[{"taxonomy":"product_cat","embeddable":true,"href":"https:\/\/szoltandfrog.com\/pt-pt\/wp-json\/wp\/v2\/product_cat?post=71487"},{"taxonomy":"product_tag","embeddable":true,"href":"https:\/\/szoltandfrog.com\/pt-pt\/wp-json\/wp\/v2\/product_tag?post=71487"}],"curies":[{"name":"wp","href":"https:\/\/api.w.org\/{rel}","templated":true}]}}