{"id":71466,"date":"2021-12-26T01:59:28","date_gmt":"2024-01-08T15:49:48","guid":{"rendered":"https:\/\/szoltandfrog.com\/tienda\/sem categoria\/mala-de-viagem-niers\/"},"modified":"2024-01-08T16:49:48","modified_gmt":"2024-01-08T15:49:48","slug":"mala-de-viagem-niers","status":"publish","type":"product","link":"https:\/\/szoltandfrog.com\/pt-pt\/complementos\/mala-de-viagem-niers\/","title":{"rendered":"Mala de viagem Niers"},"content":{"rendered":"","protected":false},"excerpt":{"rendered":"<p>Chegou o saco de fim de semana original da Sz\u00f6lt&amp;frog!<\/p>\n<p>Com uma composi\u00e7\u00e3o 100% algod\u00e3o e detalhes como as pegas e os cantos em pele, \u00e9 o acess\u00f3rio perfeito para a sua escapadela aventureira.<\/p>\n<p>Possui uma grande abertura com fecho de correr para o compartimento principal, que permite um acesso f\u00e1cil \u00e0s suas t-shirts e sweatshirts Sz\u00f6lt&amp;frog favoritas. O nosso design inclui tamb\u00e9m um bolso exterior com fecho para uma arruma\u00e7\u00e3o de f\u00e1cil acesso, bem como um bolso interior com fecho para guardar o telem\u00f3vel, a carteira, as chaves, etc. &#8230;&#8230;<\/p>\n<p>Cri\u00e1mos este saco de viagem aventureiro em duas cores: azul-marinho e verde-caqui. Qual delas escolhe?<\/p>\n<p>Dimens\u00f5es:<\/p>\n<ul>\n<li>Comprimento: 62 cm<\/li>\n<li>Largura: 28 cm<\/li>\n<li>Altura: 30 cm<\/li>\n<\/ul>\n","protected":false},"featured_media":64979,"template":"","meta":[],"product_cat":[5088,5037],"product_tag":[5169,5172,5178,5186,5170],"class_list":{"0":"post-71466","1":"product","2":"type-product","3":"status-publish","4":"has-post-thumbnail","6":"product_cat-complementos","7":"product_cat-malas-de-viagem","8":"product_tag-adultos-pt-pt","9":"product_tag-bolso","10":"product_tag-camisolas","11":"product_tag-saco","12":"product_tag-unissexo","14":"first","15":"instock","16":"taxable","17":"shipping-taxable","18":"purchasable","19":"product-type-simple"},"_links":{"self":[{"href":"https:\/\/szoltandfrog.com\/pt-pt\/wp-json\/wp\/v2\/product\/71466","targetHints":{"allow":["GET"]}}],"collection":[{"href":"https:\/\/szoltandfrog.com\/pt-pt\/wp-json\/wp\/v2\/product"}],"about":[{"href":"https:\/\/szoltandfrog.com\/pt-pt\/wp-json\/wp\/v2\/types\/product"}],"version-history":[{"count":0,"href":"https:\/\/szoltandfrog.com\/pt-pt\/wp-json\/wp\/v2\/product\/71466\/revisions"}],"wp:featuredmedia":[{"embeddable":true,"href":"https:\/\/szoltandfrog.com\/pt-pt\/wp-json\/wp\/v2\/media\/64979"}],"wp:attachment":[{"href":"https:\/\/szoltandfrog.com\/pt-pt\/wp-json\/wp\/v2\/media?parent=71466"}],"wp:term":[{"taxonomy":"product_cat","embeddable":true,"href":"https:\/\/szoltandfrog.com\/pt-pt\/wp-json\/wp\/v2\/product_cat?post=71466"},{"taxonomy":"product_tag","embeddable":true,"href":"https:\/\/szoltandfrog.com\/pt-pt\/wp-json\/wp\/v2\/product_tag?post=71466"}],"curies":[{"name":"wp","href":"https:\/\/api.w.org\/{rel}","templated":true}]}}