{"id":71282,"date":"2022-10-06T01:34:34","date_gmt":"2024-01-08T15:44:39","guid":{"rendered":"https:\/\/szoltandfrog.com\/tienda\/sem%20categoria\/t-shirt-dinant\/"},"modified":"2024-08-13T09:54:33","modified_gmt":"2024-08-13T07:54:33","slug":"t-shirt-dinant","status":"publish","type":"product","link":"https:\/\/szoltandfrog.com\/pt-pt\/vestuario\/t-shirts-com-bolsos\/t-shirt-dinant\/","title":{"rendered":"T-shirt Dinant"},"content":{"rendered":"","protected":false},"excerpt":{"rendered":"<p>Lan\u00e7amos a nossa cole\u00e7\u00e3o outono-inverno 2022 com uma cor que foi muito solicitada na RRSS.<\/p>\n<p>Sim!!! Temos aqui a T-shirt Dinant preta, em 100% Algod\u00e3o Org\u00e2nico de 170 gr e bolso geom\u00e9trico multicolorido em tecido \u00e9tnico que temos a certeza que se tornar\u00e1 um b\u00e1sico no seu guarda-roupa.<\/p>\n<p>Tal como acontece com o resto dos nossos novos modelos, queremos tornar a nossa marca mais vis\u00edvel do que nunca e poder\u00e1 exibir o nosso log\u00f3tipo bordado no bolso do peito.<\/p>\n<p>Design unissexo para homens e mulheres! Ajuste regular; Verifique o seu tamanho no guia que prepar\u00e1mos clicando <a href=\"https:\/\/szoltandfrog.com\/guia-de-tallas\/\">aqui<\/a>!<\/p>\n","protected":false},"featured_media":80108,"template":"","meta":[],"product_cat":[4956,5168,5302],"product_tag":[5169,5172,5171,5170],"class_list":{"0":"post-71282","1":"product","2":"type-product","3":"status-publish","4":"has-post-thumbnail","6":"product_cat-vestuario","7":"product_cat-t-shirts-com-bolsos","8":"product_cat-ss24-pt-pt","9":"product_tag-adultos-pt-pt","10":"product_tag-bolso","11":"product_tag-t-shirts-pt-pt","12":"product_tag-unissexo","14":"first","15":"instock","16":"taxable","17":"shipping-taxable","18":"purchasable","19":"product-type-variable","20":"has-default-attributes","21":"wvs-archive-product-wrapper"},"_links":{"self":[{"href":"https:\/\/szoltandfrog.com\/pt-pt\/wp-json\/wp\/v2\/product\/71282","targetHints":{"allow":["GET"]}}],"collection":[{"href":"https:\/\/szoltandfrog.com\/pt-pt\/wp-json\/wp\/v2\/product"}],"about":[{"href":"https:\/\/szoltandfrog.com\/pt-pt\/wp-json\/wp\/v2\/types\/product"}],"version-history":[{"count":0,"href":"https:\/\/szoltandfrog.com\/pt-pt\/wp-json\/wp\/v2\/product\/71282\/revisions"}],"wp:featuredmedia":[{"embeddable":true,"href":"https:\/\/szoltandfrog.com\/pt-pt\/wp-json\/wp\/v2\/media\/80108"}],"wp:attachment":[{"href":"https:\/\/szoltandfrog.com\/pt-pt\/wp-json\/wp\/v2\/media?parent=71282"}],"wp:term":[{"taxonomy":"product_cat","embeddable":true,"href":"https:\/\/szoltandfrog.com\/pt-pt\/wp-json\/wp\/v2\/product_cat?post=71282"},{"taxonomy":"product_tag","embeddable":true,"href":"https:\/\/szoltandfrog.com\/pt-pt\/wp-json\/wp\/v2\/product_tag?post=71282"}],"curies":[{"name":"wp","href":"https:\/\/api.w.org\/{rel}","templated":true}]}}