{"id":71275,"date":"2022-05-17T22:40:39","date_gmt":"2024-01-08T15:44:12","guid":{"rendered":"https:\/\/szoltandfrog.com\/tienda\/sem%20categoria\/t-shirt-alpina\/"},"modified":"2024-03-27T10:47:12","modified_gmt":"2024-03-27T09:47:12","slug":"t-shirt-alpina","status":"publish","type":"product","link":"https:\/\/szoltandfrog.com\/pt-pt\/vestuario\/t-shirts-com-bolsos\/t-shirt-alpina\/","title":{"rendered":"T-shirt alpina"},"content":{"rendered":"","protected":false},"excerpt":{"rendered":"<p><span style=\"color: #ff0000;\">Para a compra da nossa T-shirt Alpine, 5% do seu pagamento ser\u00e1 doado para <u><br \/>\n  <a style=\"color: #ff0000;\" href=\"https:\/\/theoceancleanup.com\/\">The Ocean Cleanup<\/a><br \/>\n<\/u>uma organiza\u00e7\u00e3o sem fins lucrativos para eliminar o pl\u00e1stico dos oceanos.<\/span><\/p>\n<p>Desta vez, temos uma t-shirt azul 100% algod\u00e3o org\u00e2nico.<\/p>\n<p>100% algod\u00e3o org\u00e2nico 170 gr e bolsos fabricados com tecidos de todo o mundo.<\/p>\n<p>Desta vez, quisemos deixar a nossa marca mais clara do que nunca e bord\u00e1mos a nossa tenda carater\u00edstica em cada um dos bolsos.<\/p>\n<p>Desenhos unissexo: Tudo para todos! Ajuste regular; Verifique o seu tamanho com o nosso guia de tamanhos aqui!<\/p>\n<p>Concebida em Espanha e fabricada no nosso vizinho Portugal!<\/p>\n","protected":false},"featured_media":80096,"template":"","meta":[],"product_cat":[5268],"product_tag":[5169,5172,5171,5170],"class_list":{"0":"post-71275","1":"product","2":"type-product","3":"status-publish","4":"has-post-thumbnail","6":"product_cat-nao-categorizado","7":"product_tag-adultos-pt-pt","8":"product_tag-bolso","9":"product_tag-t-shirts-pt-pt","10":"product_tag-unissexo","12":"first","13":"outofstock","14":"taxable","15":"shipping-taxable","16":"product-type-variable","17":"has-default-attributes","18":"wvs-archive-product-wrapper"},"_links":{"self":[{"href":"https:\/\/szoltandfrog.com\/pt-pt\/wp-json\/wp\/v2\/product\/71275","targetHints":{"allow":["GET"]}}],"collection":[{"href":"https:\/\/szoltandfrog.com\/pt-pt\/wp-json\/wp\/v2\/product"}],"about":[{"href":"https:\/\/szoltandfrog.com\/pt-pt\/wp-json\/wp\/v2\/types\/product"}],"version-history":[{"count":0,"href":"https:\/\/szoltandfrog.com\/pt-pt\/wp-json\/wp\/v2\/product\/71275\/revisions"}],"wp:featuredmedia":[{"embeddable":true,"href":"https:\/\/szoltandfrog.com\/pt-pt\/wp-json\/wp\/v2\/media\/80096"}],"wp:attachment":[{"href":"https:\/\/szoltandfrog.com\/pt-pt\/wp-json\/wp\/v2\/media?parent=71275"}],"wp:term":[{"taxonomy":"product_cat","embeddable":true,"href":"https:\/\/szoltandfrog.com\/pt-pt\/wp-json\/wp\/v2\/product_cat?post=71275"},{"taxonomy":"product_tag","embeddable":true,"href":"https:\/\/szoltandfrog.com\/pt-pt\/wp-json\/wp\/v2\/product_tag?post=71275"}],"curies":[{"name":"wp","href":"https:\/\/api.w.org\/{rel}","templated":true}]}}