{"id":71221,"date":"2022-09-10T22:18:45","date_gmt":"2024-01-08T15:43:02","guid":{"rendered":"https:\/\/szoltandfrog.com\/tienda\/sem%20categoria\/camisola-fiona\/"},"modified":"2024-02-04T20:37:31","modified_gmt":"2024-02-04T19:37:31","slug":"camisola-fiona","status":"publish","type":"product","link":"https:\/\/szoltandfrog.com\/pt-pt\/vestuario\/camisolas\/camisola-fiona\/","title":{"rendered":"Camisola Fiona"},"content":{"rendered":"","protected":false},"excerpt":{"rendered":"<p>Come\u00e7\u00e1mos com t-shirts e agora estamos a lan\u00e7ar a nossa cole\u00e7\u00e3o de hoodies de bolso.<\/p>\n<p>Neste caso, temos uma camisola com acabamento lil\u00e1s e um bolso geom\u00e9trico.<\/p>\n<p>Combina\u00e7\u00e3o de 100% algod\u00e3o de qualidade superior (310 gr) e bolsos feitos de tecidos de todo o mundo.<\/p>\n<p>Desta vez, quisemos deixar a nossa marca mais clara do que nunca e bord\u00e1mos a nossa tenda carater\u00edstica em cada um dos bolsos.<\/p>\n<p>Desenhos unissexo: Tudo para todos! Verifique o seu tamanho com o nosso guia de tamanhos <a href=\"https:\/\/szoltandfrog.com\/guia-de-tallas\/\">aqui<\/a>!<\/p>\n<p>Concebida em Espanha e fabricada no nosso vizinho Portugal!<\/p>\n","protected":false},"featured_media":72990,"template":"","meta":[],"product_cat":[4956,4975,5161],"product_tag":[5169,5172,5178,5170],"class_list":{"0":"post-71221","1":"product","2":"type-product","3":"status-publish","4":"has-post-thumbnail","6":"product_cat-vestuario","7":"product_cat-camisolas","8":"product_cat-saida","9":"product_tag-adultos-pt-pt","10":"product_tag-bolso","11":"product_tag-camisolas","12":"product_tag-unissexo","14":"first","15":"outofstock","16":"taxable","17":"shipping-taxable","18":"product-type-variable","19":"has-default-attributes","20":"wvs-archive-product-wrapper"},"_links":{"self":[{"href":"https:\/\/szoltandfrog.com\/pt-pt\/wp-json\/wp\/v2\/product\/71221","targetHints":{"allow":["GET"]}}],"collection":[{"href":"https:\/\/szoltandfrog.com\/pt-pt\/wp-json\/wp\/v2\/product"}],"about":[{"href":"https:\/\/szoltandfrog.com\/pt-pt\/wp-json\/wp\/v2\/types\/product"}],"version-history":[{"count":0,"href":"https:\/\/szoltandfrog.com\/pt-pt\/wp-json\/wp\/v2\/product\/71221\/revisions"}],"wp:featuredmedia":[{"embeddable":true,"href":"https:\/\/szoltandfrog.com\/pt-pt\/wp-json\/wp\/v2\/media\/72990"}],"wp:attachment":[{"href":"https:\/\/szoltandfrog.com\/pt-pt\/wp-json\/wp\/v2\/media?parent=71221"}],"wp:term":[{"taxonomy":"product_cat","embeddable":true,"href":"https:\/\/szoltandfrog.com\/pt-pt\/wp-json\/wp\/v2\/product_cat?post=71221"},{"taxonomy":"product_tag","embeddable":true,"href":"https:\/\/szoltandfrog.com\/pt-pt\/wp-json\/wp\/v2\/product_tag?post=71221"}],"curies":[{"name":"wp","href":"https:\/\/api.w.org\/{rel}","templated":true}]}}