{"id":71203,"date":"2022-10-06T00:48:08","date_gmt":"2024-01-08T15:42:32","guid":{"rendered":"https:\/\/szoltandfrog.com\/tienda\/sem%20categoria\/t-shirt-waal\/"},"modified":"2024-03-27T10:46:56","modified_gmt":"2024-03-27T09:46:56","slug":"t-shirt-waal","status":"publish","type":"product","link":"https:\/\/szoltandfrog.com\/pt-pt\/vestuario\/t-shirts-com-bolsos\/t-shirt-waal\/","title":{"rendered":"T-shirt Waal"},"content":{"rendered":"","protected":false},"excerpt":{"rendered":"<p>Depois do sucesso dos nossos grandes cl\u00e1ssicos como o Dingli, Rugen, Tromso e Dogo, apresentamos-lhe o modelo Waal.<\/p>\n<p>A T-shirt Waal, de cor branca e 100% algod\u00e3o org\u00e2nico de 170 gr e acabamento em jersey simples para evitar a transpar\u00eancia, oferece-nos a evolu\u00e7\u00e3o perfeita da nossa s\u00e9rie de T-shirts brancas.<\/p>\n<p>Tal como acontece com o resto dos nossos novos modelos, queremos tornar a nossa marca mais vis\u00edvel do que nunca e poder\u00e1 exibir o nosso log\u00f3tipo bordado no bolso do peito.<\/p>\n<p>Design unissexo para homens e mulheres! Ajuste regular; Verifique o seu tamanho com o nosso guia de tamanhos <a href=\"https:\/\/szoltandfrog.com\/guia-de-tallas\/\">aqui<\/a>!<\/p>\n","protected":false},"featured_media":80174,"template":"","meta":[],"product_cat":[4956,5168,5161],"product_tag":[5169,5172,5171,5170],"class_list":{"0":"post-71203","1":"product","2":"type-product","3":"status-publish","4":"has-post-thumbnail","6":"product_cat-vestuario","7":"product_cat-t-shirts-com-bolsos","8":"product_cat-saida","9":"product_tag-adultos-pt-pt","10":"product_tag-bolso","11":"product_tag-t-shirts-pt-pt","12":"product_tag-unissexo","14":"first","15":"instock","16":"taxable","17":"shipping-taxable","18":"product-type-variable","19":"has-default-attributes","20":"wvs-archive-product-wrapper"},"_links":{"self":[{"href":"https:\/\/szoltandfrog.com\/pt-pt\/wp-json\/wp\/v2\/product\/71203","targetHints":{"allow":["GET"]}}],"collection":[{"href":"https:\/\/szoltandfrog.com\/pt-pt\/wp-json\/wp\/v2\/product"}],"about":[{"href":"https:\/\/szoltandfrog.com\/pt-pt\/wp-json\/wp\/v2\/types\/product"}],"version-history":[{"count":0,"href":"https:\/\/szoltandfrog.com\/pt-pt\/wp-json\/wp\/v2\/product\/71203\/revisions"}],"wp:featuredmedia":[{"embeddable":true,"href":"https:\/\/szoltandfrog.com\/pt-pt\/wp-json\/wp\/v2\/media\/80174"}],"wp:attachment":[{"href":"https:\/\/szoltandfrog.com\/pt-pt\/wp-json\/wp\/v2\/media?parent=71203"}],"wp:term":[{"taxonomy":"product_cat","embeddable":true,"href":"https:\/\/szoltandfrog.com\/pt-pt\/wp-json\/wp\/v2\/product_cat?post=71203"},{"taxonomy":"product_tag","embeddable":true,"href":"https:\/\/szoltandfrog.com\/pt-pt\/wp-json\/wp\/v2\/product_tag?post=71203"}],"curies":[{"name":"wp","href":"https:\/\/api.w.org\/{rel}","templated":true}]}}