{"id":71196,"date":"2021-02-19T00:04:31","date_gmt":"2024-01-08T15:35:34","guid":{"rendered":"https:\/\/szoltandfrog.com\/tienda\/sem categoria\/tampa-oker\/"},"modified":"2024-01-08T16:35:34","modified_gmt":"2024-01-08T15:35:34","slug":"tampa-oker","status":"publish","type":"product","link":"https:\/\/szoltandfrog.com\/pt-pt\/complementos\/tampa\/tampa-oker\/","title":{"rendered":"Tampa Oker"},"content":{"rendered":"","protected":false},"excerpt":{"rendered":"<p>Bon\u00e9 Sz\u00f6lt&amp;Frog azul-marinho com log\u00f3tipo bordado na frente e a nossa marca na parte de tr\u00e1s.<\/p>\n<p>Tamanho \u00fanico &#8211; Azul-marinho<\/p>\n<p>Bon\u00e9 de composi\u00e7\u00e3o (100% algod\u00e3o)<\/p>\n<p>Concebido em Espanha e fabricado em Portugal.<\/p>\n","protected":false},"featured_media":62144,"template":"","meta":[],"product_cat":[5088,5162,5161],"product_tag":[],"class_list":{"0":"post-71196","1":"product","2":"type-product","3":"status-publish","4":"has-post-thumbnail","6":"product_cat-complementos","7":"product_cat-tampa","8":"product_cat-saida","10":"first","11":"outofstock","12":"taxable","13":"shipping-taxable","14":"purchasable","15":"product-type-simple"},"_links":{"self":[{"href":"https:\/\/szoltandfrog.com\/pt-pt\/wp-json\/wp\/v2\/product\/71196","targetHints":{"allow":["GET"]}}],"collection":[{"href":"https:\/\/szoltandfrog.com\/pt-pt\/wp-json\/wp\/v2\/product"}],"about":[{"href":"https:\/\/szoltandfrog.com\/pt-pt\/wp-json\/wp\/v2\/types\/product"}],"version-history":[{"count":0,"href":"https:\/\/szoltandfrog.com\/pt-pt\/wp-json\/wp\/v2\/product\/71196\/revisions"}],"wp:featuredmedia":[{"embeddable":true,"href":"https:\/\/szoltandfrog.com\/pt-pt\/wp-json\/wp\/v2\/media\/62144"}],"wp:attachment":[{"href":"https:\/\/szoltandfrog.com\/pt-pt\/wp-json\/wp\/v2\/media?parent=71196"}],"wp:term":[{"taxonomy":"product_cat","embeddable":true,"href":"https:\/\/szoltandfrog.com\/pt-pt\/wp-json\/wp\/v2\/product_cat?post=71196"},{"taxonomy":"product_tag","embeddable":true,"href":"https:\/\/szoltandfrog.com\/pt-pt\/wp-json\/wp\/v2\/product_tag?post=71196"}],"curies":[{"name":"wp","href":"https:\/\/api.w.org\/{rel}","templated":true}]}}