{"id":68134,"date":"2023-03-22T01:21:34","date_gmt":"2023-03-22T00:21:34","guid":{"rendered":"https:\/\/szoltandfrog.com\/?product=t-shirt-temo"},"modified":"2024-03-27T10:46:37","modified_gmt":"2024-03-27T09:46:37","slug":"t-shirt-temo","status":"publish","type":"product","link":"https:\/\/szoltandfrog.com\/pt-pt\/vestuario\/t-shirt-temo\/","title":{"rendered":"T-shirt Temo"},"content":{"rendered":"","protected":false},"excerpt":{"rendered":"<p>Lan\u00e7amos a nossa cole\u00e7\u00e3o primavera-ver\u00e3o 2023 com uma cor que foi muito solicitada na RRSS.<\/p>\n<p>Sim!!! Temos aqui a T-shirt Temo amarela, em 100% Algod\u00e3o Org\u00e2nico de 170 gr e bolso geom\u00e9trico multicolorido em tecido \u00e9tnico que temos a certeza que se tornar\u00e1 um b\u00e1sico no seu guarda-roupa.<\/p>\n<p>Tal como acontece com o resto dos nossos novos modelos, queremos tornar a nossa marca mais vis\u00edvel do que nunca e poder\u00e1 exibir o nosso log\u00f3tipo bordado no bolso do peito.<\/p>\n<p>Design unissexo para homens e mulheres! Ajuste regular; Verifique o seu tamanho no guia que prepar\u00e1mos clicando <a href=\"https:\/\/szoltandfrog.com\/guia-de-tallas\/\">aqui<\/a>!<\/p>\n","protected":false},"featured_media":80162,"template":"","meta":[],"product_cat":[4956,5168,5161],"product_tag":[5169,5172,5171,5170],"class_list":{"0":"post-68134","1":"product","2":"type-product","3":"status-publish","4":"has-post-thumbnail","6":"product_cat-vestuario","7":"product_cat-t-shirts-com-bolsos","8":"product_cat-saida","9":"product_tag-adultos-pt-pt","10":"product_tag-bolso","11":"product_tag-t-shirts-pt-pt","12":"product_tag-unissexo","14":"first","15":"outofstock","16":"taxable","17":"shipping-taxable","18":"product-type-variable","19":"has-default-attributes","20":"wvs-archive-product-wrapper"},"_links":{"self":[{"href":"https:\/\/szoltandfrog.com\/pt-pt\/wp-json\/wp\/v2\/product\/68134","targetHints":{"allow":["GET"]}}],"collection":[{"href":"https:\/\/szoltandfrog.com\/pt-pt\/wp-json\/wp\/v2\/product"}],"about":[{"href":"https:\/\/szoltandfrog.com\/pt-pt\/wp-json\/wp\/v2\/types\/product"}],"version-history":[{"count":0,"href":"https:\/\/szoltandfrog.com\/pt-pt\/wp-json\/wp\/v2\/product\/68134\/revisions"}],"wp:featuredmedia":[{"embeddable":true,"href":"https:\/\/szoltandfrog.com\/pt-pt\/wp-json\/wp\/v2\/media\/80162"}],"wp:attachment":[{"href":"https:\/\/szoltandfrog.com\/pt-pt\/wp-json\/wp\/v2\/media?parent=68134"}],"wp:term":[{"taxonomy":"product_cat","embeddable":true,"href":"https:\/\/szoltandfrog.com\/pt-pt\/wp-json\/wp\/v2\/product_cat?post=68134"},{"taxonomy":"product_tag","embeddable":true,"href":"https:\/\/szoltandfrog.com\/pt-pt\/wp-json\/wp\/v2\/product_tag?post=68134"}],"curies":[{"name":"wp","href":"https:\/\/api.w.org\/{rel}","templated":true}]}}