{"id":68128,"date":"2023-08-01T12:41:25","date_gmt":"2023-08-01T10:41:25","guid":{"rendered":"https:\/\/szoltandfrog.com\/?product=cinto-de-couro-etnico-bourez"},"modified":"2024-08-19T15:30:13","modified_gmt":"2024-08-19T13:30:13","slug":"cinto-de-couro-etnico-bourez","status":"publish","type":"product","link":"https:\/\/szoltandfrog.com\/pt-pt\/cintos\/cinto-de-couro-etnico-bourez\/","title":{"rendered":"Cinto de couro \u00e9tnico Bourez"},"content":{"rendered":"","protected":false},"excerpt":{"rendered":"<p>Cinto \u00e9tnico de couro verde para homem e mulher, com tecido \u00e0s riscas:<\/p>\n<p>&#8211; Tecidos especiais de todo o mundo<br \/>\n&#8211; Feito \u00e0 m\u00e3o em Espanha  <img decoding=\"async\" class=\"alignnone wp-image-12467\" src=\"https:\/\/szoltandfrog.com\/wp-content\/uploads\/2019\/06\/spanish-flah.jpg\" alt=\"\" width=\"20\" height=\"16\"><br \/>\n&#8211; 100% couro de alta qualidade<br \/>\n&#8211; Dispon\u00edvel no tamanho 85 (cal\u00e7as 38-40), no tamanho 90 (cal\u00e7as 42-44) ou no tamanho 95 (cal\u00e7as 46-48-50).<\/p>\n","protected":false},"featured_media":67727,"template":"","meta":[],"product_cat":[5088,5087,5161],"product_tag":[],"class_list":{"0":"post-68128","1":"product","2":"type-product","3":"status-publish","4":"has-post-thumbnail","6":"product_cat-complementos","7":"product_cat-cintos","8":"product_cat-saida","10":"first","11":"instock","12":"taxable","13":"shipping-taxable","14":"purchasable","15":"product-type-variable","16":"has-default-attributes","17":"wvs-archive-product-wrapper"},"_links":{"self":[{"href":"https:\/\/szoltandfrog.com\/pt-pt\/wp-json\/wp\/v2\/product\/68128","targetHints":{"allow":["GET"]}}],"collection":[{"href":"https:\/\/szoltandfrog.com\/pt-pt\/wp-json\/wp\/v2\/product"}],"about":[{"href":"https:\/\/szoltandfrog.com\/pt-pt\/wp-json\/wp\/v2\/types\/product"}],"version-history":[{"count":0,"href":"https:\/\/szoltandfrog.com\/pt-pt\/wp-json\/wp\/v2\/product\/68128\/revisions"}],"wp:featuredmedia":[{"embeddable":true,"href":"https:\/\/szoltandfrog.com\/pt-pt\/wp-json\/wp\/v2\/media\/67727"}],"wp:attachment":[{"href":"https:\/\/szoltandfrog.com\/pt-pt\/wp-json\/wp\/v2\/media?parent=68128"}],"wp:term":[{"taxonomy":"product_cat","embeddable":true,"href":"https:\/\/szoltandfrog.com\/pt-pt\/wp-json\/wp\/v2\/product_cat?post=68128"},{"taxonomy":"product_tag","embeddable":true,"href":"https:\/\/szoltandfrog.com\/pt-pt\/wp-json\/wp\/v2\/product_tag?post=68128"}],"curies":[{"name":"wp","href":"https:\/\/api.w.org\/{rel}","templated":true}]}}