{"id":68109,"date":"2023-03-22T02:31:21","date_gmt":"2023-03-22T01:31:21","guid":{"rendered":"https:\/\/szoltandfrog.com\/?product=t-shirt-merse"},"modified":"2024-03-27T10:46:32","modified_gmt":"2024-03-27T09:46:32","slug":"t-shirt-merse","status":"publish","type":"product","link":"https:\/\/szoltandfrog.com\/pt-pt\/vestuario\/t-shirt-merse\/","title":{"rendered":"T-shirt Merse"},"content":{"rendered":"","protected":false},"excerpt":{"rendered":"<p>Lan\u00e7amos a nossa cole\u00e7\u00e3o primavera-ver\u00e3o 2023 com uma cor que foi muito solicitada na RRSS.<\/p>\n<p>Sim!!! Temos aqui a T-shirt Merse laranja, em 100% Algod\u00e3o Org\u00e2nico de 170 gr e bolso geom\u00e9trico multicolorido em tecido \u00e9tnico que temos a certeza que se tornar\u00e1 um b\u00e1sico no seu guarda-roupa.<\/p>\n<p>Tal como acontece com o resto dos nossos novos modelos, queremos tornar a nossa marca mais vis\u00edvel do que nunca e poder\u00e1 exibir o nosso log\u00f3tipo bordado no bolso do peito.<\/p>\n<p>Design unissexo para homens e mulheres! Ajuste regular; Verifique o seu tamanho no guia que prepar\u00e1mos clicando <a href=\"https:\/\/szoltandfrog.com\/guia-de-tallas\/\">aqui<\/a>!<\/p>\n","protected":false},"featured_media":80138,"template":"","meta":[],"product_cat":[5268],"product_tag":[5169,5172,5171,5170],"class_list":{"0":"post-68109","1":"product","2":"type-product","3":"status-publish","4":"has-post-thumbnail","6":"product_cat-nao-categorizado","7":"product_tag-adultos-pt-pt","8":"product_tag-bolso","9":"product_tag-t-shirts-pt-pt","10":"product_tag-unissexo","12":"first","13":"outofstock","14":"taxable","15":"shipping-taxable","16":"product-type-variable","17":"has-default-attributes","18":"wvs-archive-product-wrapper"},"_links":{"self":[{"href":"https:\/\/szoltandfrog.com\/pt-pt\/wp-json\/wp\/v2\/product\/68109","targetHints":{"allow":["GET"]}}],"collection":[{"href":"https:\/\/szoltandfrog.com\/pt-pt\/wp-json\/wp\/v2\/product"}],"about":[{"href":"https:\/\/szoltandfrog.com\/pt-pt\/wp-json\/wp\/v2\/types\/product"}],"version-history":[{"count":0,"href":"https:\/\/szoltandfrog.com\/pt-pt\/wp-json\/wp\/v2\/product\/68109\/revisions"}],"wp:featuredmedia":[{"embeddable":true,"href":"https:\/\/szoltandfrog.com\/pt-pt\/wp-json\/wp\/v2\/media\/80138"}],"wp:attachment":[{"href":"https:\/\/szoltandfrog.com\/pt-pt\/wp-json\/wp\/v2\/media?parent=68109"}],"wp:term":[{"taxonomy":"product_cat","embeddable":true,"href":"https:\/\/szoltandfrog.com\/pt-pt\/wp-json\/wp\/v2\/product_cat?post=68109"},{"taxonomy":"product_tag","embeddable":true,"href":"https:\/\/szoltandfrog.com\/pt-pt\/wp-json\/wp\/v2\/product_tag?post=68109"}],"curies":[{"name":"wp","href":"https:\/\/api.w.org\/{rel}","templated":true}]}}