{"id":68085,"date":"2023-03-23T01:13:33","date_gmt":"2023-03-23T00:13:32","guid":{"rendered":"https:\/\/szoltandfrog.com\/?product=polo-de-poipu"},"modified":"2024-07-04T09:32:47","modified_gmt":"2024-07-04T07:32:47","slug":"polo-de-poipu","status":"publish","type":"product","link":"https:\/\/szoltandfrog.com\/pt-pt\/vestuario\/postes\/polo-de-poipu\/","title":{"rendered":"P\u00f3lo de Poipu"},"content":{"rendered":"","protected":false},"excerpt":{"rendered":"<p>Come\u00e7\u00e1mos com as t-shirts, depois com as sweatshirts e agora estamos a lan\u00e7ar a nossa cole\u00e7\u00e3o de p\u00f3los com bolsos.<\/p>\n<p>Neste caso, temos um p\u00f3lo cinzento com um bolso geom\u00e9trico.<\/p>\n<p>Tecido piqu\u00e9 com 100% de algod\u00e3o org\u00e2nico com bolsos de tecidos \u00e9tnicos de todo o mundo<\/p>\n<p>Desta vez, quisemos tornar a nossa marca mais clara do que nunca e bord\u00e1mos a nossa tenda carater\u00edstica em cada um dos bolsos.<\/p>\n<p>Desenhos unissexo: Tudo para todos! Verifique o seu tamanho com as medidas da imagem!<\/p>\n","protected":false},"featured_media":67001,"template":"","meta":[],"product_cat":[4956,5022],"product_tag":[],"class_list":{"0":"post-68085","1":"product","2":"type-product","3":"status-publish","4":"has-post-thumbnail","6":"product_cat-vestuario","7":"product_cat-postes","9":"first","10":"instock","11":"taxable","12":"shipping-taxable","13":"purchasable","14":"product-type-variable","15":"wvs-archive-product-wrapper"},"_links":{"self":[{"href":"https:\/\/szoltandfrog.com\/pt-pt\/wp-json\/wp\/v2\/product\/68085","targetHints":{"allow":["GET"]}}],"collection":[{"href":"https:\/\/szoltandfrog.com\/pt-pt\/wp-json\/wp\/v2\/product"}],"about":[{"href":"https:\/\/szoltandfrog.com\/pt-pt\/wp-json\/wp\/v2\/types\/product"}],"version-history":[{"count":0,"href":"https:\/\/szoltandfrog.com\/pt-pt\/wp-json\/wp\/v2\/product\/68085\/revisions"}],"wp:featuredmedia":[{"embeddable":true,"href":"https:\/\/szoltandfrog.com\/pt-pt\/wp-json\/wp\/v2\/media\/67001"}],"wp:attachment":[{"href":"https:\/\/szoltandfrog.com\/pt-pt\/wp-json\/wp\/v2\/media?parent=68085"}],"wp:term":[{"taxonomy":"product_cat","embeddable":true,"href":"https:\/\/szoltandfrog.com\/pt-pt\/wp-json\/wp\/v2\/product_cat?post=68085"},{"taxonomy":"product_tag","embeddable":true,"href":"https:\/\/szoltandfrog.com\/pt-pt\/wp-json\/wp\/v2\/product_tag?post=68085"}],"curies":[{"name":"wp","href":"https:\/\/api.w.org\/{rel}","templated":true}]}}