{"id":68076,"date":"2023-03-24T01:45:44","date_gmt":"2023-03-24T00:45:44","guid":{"rendered":"https:\/\/szoltandfrog.com\/?product=saco-de-pano-para-nigiri"},"modified":"2023-03-24T01:45:44","modified_gmt":"2023-03-24T00:45:44","slug":"saco-de-pano-para-nigiri","status":"publish","type":"product","link":"https:\/\/szoltandfrog.com\/pt-pt\/complementos\/malas-de-viagem\/saco-de-pano-para-nigiri\/","title":{"rendered":"Saco de pano para Nigiri"},"content":{"rendered":"","protected":false},"excerpt":{"rendered":"<p>Saco de pano 100% algod\u00e3o org\u00e2nico para contribuir para o ambiente sempre que vai \u00e0s compras.<br \/>\nMedidas 44 cm de largura x 38 cm de altura<br \/>\nCom o nosso log\u00f3tipo e a nossa filosofia de vida impressos.<\/p>\n","protected":false},"featured_media":67134,"template":"","meta":[],"product_cat":[5037],"product_tag":[],"class_list":{"0":"post-68076","1":"product","2":"type-product","3":"status-publish","4":"has-post-thumbnail","6":"product_cat-malas-de-viagem","8":"first","9":"outofstock","10":"taxable","11":"shipping-taxable","12":"purchasable","13":"product-type-simple"},"_links":{"self":[{"href":"https:\/\/szoltandfrog.com\/pt-pt\/wp-json\/wp\/v2\/product\/68076","targetHints":{"allow":["GET"]}}],"collection":[{"href":"https:\/\/szoltandfrog.com\/pt-pt\/wp-json\/wp\/v2\/product"}],"about":[{"href":"https:\/\/szoltandfrog.com\/pt-pt\/wp-json\/wp\/v2\/types\/product"}],"version-history":[{"count":0,"href":"https:\/\/szoltandfrog.com\/pt-pt\/wp-json\/wp\/v2\/product\/68076\/revisions"}],"wp:featuredmedia":[{"embeddable":true,"href":"https:\/\/szoltandfrog.com\/pt-pt\/wp-json\/wp\/v2\/media\/67134"}],"wp:attachment":[{"href":"https:\/\/szoltandfrog.com\/pt-pt\/wp-json\/wp\/v2\/media?parent=68076"}],"wp:term":[{"taxonomy":"product_cat","embeddable":true,"href":"https:\/\/szoltandfrog.com\/pt-pt\/wp-json\/wp\/v2\/product_cat?post=68076"},{"taxonomy":"product_tag","embeddable":true,"href":"https:\/\/szoltandfrog.com\/pt-pt\/wp-json\/wp\/v2\/product_tag?post=68076"}],"curies":[{"name":"wp","href":"https:\/\/api.w.org\/{rel}","templated":true}]}}