{"id":68073,"date":"2023-03-23T01:21:15","date_gmt":"2023-03-23T00:21:15","guid":{"rendered":"https:\/\/szoltandfrog.com\/?product=polo-de-kailua"},"modified":"2024-02-04T19:57:38","modified_gmt":"2024-02-04T18:57:38","slug":"polo-de-kailua","status":"publish","type":"product","link":"https:\/\/szoltandfrog.com\/pt-pt\/vestuario\/postes\/polo-de-kailua\/","title":{"rendered":"P\u00f3lo de Kailua"},"content":{"rendered":"","protected":false},"excerpt":{"rendered":"<p>Come\u00e7\u00e1mos com t-shirts, depois com sweatshirts e agora estamos a lan\u00e7ar a nossa cole\u00e7\u00e3o de p\u00f3los de bolso.<\/p>\n<p>Neste caso, temos um polo azul com um bolso geom\u00e9trico.<\/p>\n<p>Tecido piqu\u00e9 com 100% de algod\u00e3o org\u00e2nico e bolsos feitos com tecidos de todo o mundo.<\/p>\n<p>Desta vez, quisemos deixar a nossa marca mais clara do que nunca e bord\u00e1mos a nossa tenda carater\u00edstica em cada um dos bolsos.<\/p>\n<p>Desenhos unissexo: Tudo para todos! Verifique o seu tamanho com as medidas da imagem!<\/p>\n","protected":false},"featured_media":66980,"template":"","meta":[],"product_cat":[4956,5022],"product_tag":[],"class_list":{"0":"post-68073","1":"product","2":"type-product","3":"status-publish","4":"has-post-thumbnail","6":"product_cat-vestuario","7":"product_cat-postes","9":"first","10":"instock","11":"taxable","12":"shipping-taxable","13":"purchasable","14":"product-type-variable","15":"wvs-archive-product-wrapper"},"_links":{"self":[{"href":"https:\/\/szoltandfrog.com\/pt-pt\/wp-json\/wp\/v2\/product\/68073","targetHints":{"allow":["GET"]}}],"collection":[{"href":"https:\/\/szoltandfrog.com\/pt-pt\/wp-json\/wp\/v2\/product"}],"about":[{"href":"https:\/\/szoltandfrog.com\/pt-pt\/wp-json\/wp\/v2\/types\/product"}],"version-history":[{"count":0,"href":"https:\/\/szoltandfrog.com\/pt-pt\/wp-json\/wp\/v2\/product\/68073\/revisions"}],"wp:featuredmedia":[{"embeddable":true,"href":"https:\/\/szoltandfrog.com\/pt-pt\/wp-json\/wp\/v2\/media\/66980"}],"wp:attachment":[{"href":"https:\/\/szoltandfrog.com\/pt-pt\/wp-json\/wp\/v2\/media?parent=68073"}],"wp:term":[{"taxonomy":"product_cat","embeddable":true,"href":"https:\/\/szoltandfrog.com\/pt-pt\/wp-json\/wp\/v2\/product_cat?post=68073"},{"taxonomy":"product_tag","embeddable":true,"href":"https:\/\/szoltandfrog.com\/pt-pt\/wp-json\/wp\/v2\/product_tag?post=68073"}],"curies":[{"name":"wp","href":"https:\/\/api.w.org\/{rel}","templated":true}]}}