{"id":68062,"date":"2023-09-04T16:40:40","date_gmt":"2023-09-04T14:40:40","guid":{"rendered":"https:\/\/szoltandfrog.com\/?product=camisola-rigi"},"modified":"2024-02-04T20:37:21","modified_gmt":"2024-02-04T19:37:21","slug":"camisola-rigi","status":"publish","type":"product","link":"https:\/\/szoltandfrog.com\/pt-pt\/vestuario\/camisolas\/camisola-rigi\/","title":{"rendered":"Camisola Rigi"},"content":{"rendered":"","protected":false},"excerpt":{"rendered":"<p>Tal como no outono passado, estamos a dar in\u00edcio \u00e0 nossa esta\u00e7\u00e3o AW23 de sweatshirts de bolso.<\/p>\n<p>Neste caso, temos um acabamento de camisola cor-de-rosa com um bolso geom\u00e9trico.<\/p>\n<p>Combina\u00e7\u00e3o de 100% algod\u00e3o org\u00e2nico de qualidade superior (310 gr) e bolsos feitos com tecidos de todo o mundo.<\/p>\n<p>Desta vez, quisemos deixar a nossa marca mais clara do que nunca e bord\u00e1mos a nossa tenda carater\u00edstica em cada um dos bolsos.<\/p>\n<p>Desenhos unissexo: Tudo para todos! Verifique o seu tamanho com o nosso guia de tamanhos <a href=\"https:\/\/szoltandfrog.com\/guia-de-tallas\/\">aqui<\/a>!<\/p>\n","protected":false},"featured_media":80084,"template":"","meta":[],"product_cat":[4956,4975],"product_tag":[5169,5172,5178,5170],"class_list":{"0":"post-68062","1":"product","2":"type-product","3":"status-publish","4":"has-post-thumbnail","6":"product_cat-vestuario","7":"product_cat-camisolas","8":"product_tag-adultos-pt-pt","9":"product_tag-bolso","10":"product_tag-camisolas","11":"product_tag-unissexo","13":"first","14":"instock","15":"featured","16":"taxable","17":"shipping-taxable","18":"purchasable","19":"product-type-variable","20":"has-default-attributes","21":"wvs-archive-product-wrapper"},"_links":{"self":[{"href":"https:\/\/szoltandfrog.com\/pt-pt\/wp-json\/wp\/v2\/product\/68062","targetHints":{"allow":["GET"]}}],"collection":[{"href":"https:\/\/szoltandfrog.com\/pt-pt\/wp-json\/wp\/v2\/product"}],"about":[{"href":"https:\/\/szoltandfrog.com\/pt-pt\/wp-json\/wp\/v2\/types\/product"}],"version-history":[{"count":0,"href":"https:\/\/szoltandfrog.com\/pt-pt\/wp-json\/wp\/v2\/product\/68062\/revisions"}],"wp:featuredmedia":[{"embeddable":true,"href":"https:\/\/szoltandfrog.com\/pt-pt\/wp-json\/wp\/v2\/media\/80084"}],"wp:attachment":[{"href":"https:\/\/szoltandfrog.com\/pt-pt\/wp-json\/wp\/v2\/media?parent=68062"}],"wp:term":[{"taxonomy":"product_cat","embeddable":true,"href":"https:\/\/szoltandfrog.com\/pt-pt\/wp-json\/wp\/v2\/product_cat?post=68062"},{"taxonomy":"product_tag","embeddable":true,"href":"https:\/\/szoltandfrog.com\/pt-pt\/wp-json\/wp\/v2\/product_tag?post=68062"}],"curies":[{"name":"wp","href":"https:\/\/api.w.org\/{rel}","templated":true}]}}