{"id":68043,"date":"2023-09-04T16:51:29","date_gmt":"2023-09-04T14:51:29","guid":{"rendered":"https:\/\/szoltandfrog.com\/?product=sweatshirt-koti"},"modified":"2024-11-25T16:37:31","modified_gmt":"2024-11-25T15:37:31","slug":"sweatshirt-koti","status":"publish","type":"product","link":"https:\/\/szoltandfrog.com\/pt-pt\/vestuario\/camisolas\/sweatshirt-koti\/","title":{"rendered":"Sweatshirt Koti"},"content":{"rendered":"","protected":false},"excerpt":{"rendered":"<p>Tal como no outono passado, estamos a iniciar a nossa temporada AW23 de hoodies com bolsos. Neste caso, temos um hoodie com acabamento preto com bolso geom\u00e9trico e capuz. Combina\u00e7\u00e3o de 100% algod\u00e3o org\u00e2nico premium (310 gr) e bolsos feitos com tecidos de todo o mundo. Desta vez, quisemos tornar a nossa marca mais clara do que nunca e bord\u00e1mos a nossa tenda carater\u00edstica em cada um dos bolsos. Verifique o seu tamanho com o nosso guia de tamanhos <a href=\"https:\/\/szoltandfrog.com\/guia-de-tallas\/\">aqui<\/a>!<\/p>\n","protected":false},"featured_media":80060,"template":"","meta":[],"product_cat":[4956,4975],"product_tag":[5169,5172,5178,5170],"class_list":{"0":"post-68043","1":"product","2":"type-product","3":"status-publish","4":"has-post-thumbnail","6":"product_cat-vestuario","7":"product_cat-camisolas","8":"product_tag-adultos-pt-pt","9":"product_tag-bolso","10":"product_tag-camisolas","11":"product_tag-unissexo","13":"first","14":"instock","15":"taxable","16":"shipping-taxable","17":"purchasable","18":"product-type-variable","19":"has-default-attributes","20":"wvs-archive-product-wrapper"},"_links":{"self":[{"href":"https:\/\/szoltandfrog.com\/pt-pt\/wp-json\/wp\/v2\/product\/68043","targetHints":{"allow":["GET"]}}],"collection":[{"href":"https:\/\/szoltandfrog.com\/pt-pt\/wp-json\/wp\/v2\/product"}],"about":[{"href":"https:\/\/szoltandfrog.com\/pt-pt\/wp-json\/wp\/v2\/types\/product"}],"version-history":[{"count":0,"href":"https:\/\/szoltandfrog.com\/pt-pt\/wp-json\/wp\/v2\/product\/68043\/revisions"}],"wp:featuredmedia":[{"embeddable":true,"href":"https:\/\/szoltandfrog.com\/pt-pt\/wp-json\/wp\/v2\/media\/80060"}],"wp:attachment":[{"href":"https:\/\/szoltandfrog.com\/pt-pt\/wp-json\/wp\/v2\/media?parent=68043"}],"wp:term":[{"taxonomy":"product_cat","embeddable":true,"href":"https:\/\/szoltandfrog.com\/pt-pt\/wp-json\/wp\/v2\/product_cat?post=68043"},{"taxonomy":"product_tag","embeddable":true,"href":"https:\/\/szoltandfrog.com\/pt-pt\/wp-json\/wp\/v2\/product_tag?post=68043"}],"curies":[{"name":"wp","href":"https:\/\/api.w.org\/{rel}","templated":true}]}}