{"id":68034,"date":"2023-09-04T17:25:33","date_gmt":"2023-09-04T15:25:33","guid":{"rendered":"https:\/\/szoltandfrog.com\/?product=sweatshirt-sokos"},"modified":"2024-02-04T20:37:03","modified_gmt":"2024-02-04T19:37:03","slug":"sweatshirt-sokos","status":"publish","type":"product","link":"https:\/\/szoltandfrog.com\/pt-pt\/vestuario\/camisolas\/sweatshirt-sokos\/","title":{"rendered":"Sweatshirt Sokos"},"content":{"rendered":"","protected":false},"excerpt":{"rendered":"<p>Tal como no outono passado, come\u00e7amos a nossa temporada AW23 de hoodies com bolsos, neste caso com o nosso modelo mais inovador, o Sokos com fecho de correr. Neste caso, temos um hoodie com fecho de correr com acabamento em azul escuro e bolsos e capuz geom\u00e9tricos. Combina\u00e7\u00e3o de algod\u00e3o de alta qualidade (310 gr) e bolsos feitos com tecidos de todo o mundo. Desta vez, quisemos tornar a nossa marca mais clara do que nunca e bord\u00e1mos a nossa tenda carater\u00edstica em cada um dos bolsos. Verifique o seu tamanho com o nosso guia de tamanhos <a href=\"https:\/\/szoltandfrog.com\/guia-de-tallas\/\">aqui<\/a>!<\/p>\n","protected":false},"featured_media":80198,"template":"","meta":[],"product_cat":[4956,4975,5161],"product_tag":[5169,5172,5178,5170],"class_list":{"0":"post-68034","1":"product","2":"type-product","3":"status-publish","4":"has-post-thumbnail","6":"product_cat-vestuario","7":"product_cat-camisolas","8":"product_cat-saida","9":"product_tag-adultos-pt-pt","10":"product_tag-bolso","11":"product_tag-camisolas","12":"product_tag-unissexo","14":"first","15":"outofstock","16":"taxable","17":"shipping-taxable","18":"product-type-variable","19":"has-default-attributes","20":"wvs-archive-product-wrapper"},"_links":{"self":[{"href":"https:\/\/szoltandfrog.com\/pt-pt\/wp-json\/wp\/v2\/product\/68034","targetHints":{"allow":["GET"]}}],"collection":[{"href":"https:\/\/szoltandfrog.com\/pt-pt\/wp-json\/wp\/v2\/product"}],"about":[{"href":"https:\/\/szoltandfrog.com\/pt-pt\/wp-json\/wp\/v2\/types\/product"}],"version-history":[{"count":0,"href":"https:\/\/szoltandfrog.com\/pt-pt\/wp-json\/wp\/v2\/product\/68034\/revisions"}],"wp:featuredmedia":[{"embeddable":true,"href":"https:\/\/szoltandfrog.com\/pt-pt\/wp-json\/wp\/v2\/media\/80198"}],"wp:attachment":[{"href":"https:\/\/szoltandfrog.com\/pt-pt\/wp-json\/wp\/v2\/media?parent=68034"}],"wp:term":[{"taxonomy":"product_cat","embeddable":true,"href":"https:\/\/szoltandfrog.com\/pt-pt\/wp-json\/wp\/v2\/product_cat?post=68034"},{"taxonomy":"product_tag","embeddable":true,"href":"https:\/\/szoltandfrog.com\/pt-pt\/wp-json\/wp\/v2\/product_tag?post=68034"}],"curies":[{"name":"wp","href":"https:\/\/api.w.org\/{rel}","templated":true}]}}