{"id":68023,"date":"2023-09-27T14:22:26","date_gmt":"2023-09-27T12:22:26","guid":{"rendered":"https:\/\/szoltandfrog.com\/?product=camisola-giulia"},"modified":"2024-10-15T15:32:39","modified_gmt":"2024-10-15T13:32:39","slug":"camisola-giulia","status":"publish","type":"product","link":"https:\/\/szoltandfrog.com\/pt-pt\/vestuario\/camisolas\/camisola-giulia\/","title":{"rendered":"Camisola Giulia"},"content":{"rendered":"","protected":false},"excerpt":{"rendered":"<p>Tal como nos \u00faltimos outonos, come\u00e7amos a nossa temporada AW23 de sweatshirts com bolsos. Neste caso, temos um acabamento azul escuro de uma sweatshirt com um bolso geom\u00e9trico. Combina\u00e7\u00e3o de algod\u00e3o 100% org\u00e2nico de alta qualidade (310 gr) e bolsos feitos com tecidos de todo o mundo. Desta vez, quisemos tornar a nossa marca mais clara do que nunca e bord\u00e1mos a nossa tenda carater\u00edstica em cada um dos bolsos. Verifique o seu tamanho com o nosso guia de tamanhos aqui!<\/p>\n","protected":false},"featured_media":80042,"template":"","meta":[],"product_cat":[4956,4975],"product_tag":[5169,5178,5170],"class_list":{"0":"post-68023","1":"product","2":"type-product","3":"status-publish","4":"has-post-thumbnail","6":"product_cat-vestuario","7":"product_cat-camisolas","8":"product_tag-adultos-pt-pt","9":"product_tag-camisolas","10":"product_tag-unissexo","12":"first","13":"instock","14":"featured","15":"taxable","16":"shipping-taxable","17":"purchasable","18":"product-type-variable","19":"has-default-attributes","20":"wvs-archive-product-wrapper"},"_links":{"self":[{"href":"https:\/\/szoltandfrog.com\/pt-pt\/wp-json\/wp\/v2\/product\/68023","targetHints":{"allow":["GET"]}}],"collection":[{"href":"https:\/\/szoltandfrog.com\/pt-pt\/wp-json\/wp\/v2\/product"}],"about":[{"href":"https:\/\/szoltandfrog.com\/pt-pt\/wp-json\/wp\/v2\/types\/product"}],"version-history":[{"count":0,"href":"https:\/\/szoltandfrog.com\/pt-pt\/wp-json\/wp\/v2\/product\/68023\/revisions"}],"wp:featuredmedia":[{"embeddable":true,"href":"https:\/\/szoltandfrog.com\/pt-pt\/wp-json\/wp\/v2\/media\/80042"}],"wp:attachment":[{"href":"https:\/\/szoltandfrog.com\/pt-pt\/wp-json\/wp\/v2\/media?parent=68023"}],"wp:term":[{"taxonomy":"product_cat","embeddable":true,"href":"https:\/\/szoltandfrog.com\/pt-pt\/wp-json\/wp\/v2\/product_cat?post=68023"},{"taxonomy":"product_tag","embeddable":true,"href":"https:\/\/szoltandfrog.com\/pt-pt\/wp-json\/wp\/v2\/product_tag?post=68023"}],"curies":[{"name":"wp","href":"https:\/\/api.w.org\/{rel}","templated":true}]}}