{"id":68015,"date":"2023-09-04T17:43:56","date_gmt":"2023-09-04T15:43:56","guid":{"rendered":"https:\/\/szoltandfrog.com\/?product=acampamento-de-camisolas"},"modified":"2024-11-24T22:19:51","modified_gmt":"2024-11-24T21:19:51","slug":"acampamento-de-camisolas","status":"publish","type":"product","link":"https:\/\/szoltandfrog.com\/pt-pt\/vestuario\/camisolas\/acampamento-de-camisolas\/","title":{"rendered":"Acampamento de camisolas"},"content":{"rendered":"","protected":false},"excerpt":{"rendered":"<p>Tal como no outono passado, estamos a iniciar a nossa temporada AW23 de sweatshirts com bolsos. Neste caso, temos uma sweatshirt com acabamento branco e bolso geom\u00e9trico. Combina\u00e7\u00e3o de algod\u00e3o de alta qualidade (310 gr) e bolsos feitos com tecidos de todo o mundo. Desta vez, quisemos tornar a nossa marca mais clara do que nunca e bord\u00e1mos a nossa tenda carater\u00edstica em cada um dos bolsos. Verifique o seu tamanho com o nosso guia de tamanhos <a href=\"https:\/\/szoltandfrog.com\/guia-de-tallas\/\">aqui<\/a>!<\/p>\n","protected":false},"featured_media":80186,"template":"","meta":[],"product_cat":[4956,4975],"product_tag":[5169,5172,5178,5170],"class_list":{"0":"post-68015","1":"product","2":"type-product","3":"status-publish","4":"has-post-thumbnail","6":"product_cat-vestuario","7":"product_cat-camisolas","8":"product_tag-adultos-pt-pt","9":"product_tag-bolso","10":"product_tag-camisolas","11":"product_tag-unissexo","13":"first","14":"instock","15":"taxable","16":"shipping-taxable","17":"purchasable","18":"product-type-variable","19":"has-default-attributes","20":"wvs-archive-product-wrapper"},"_links":{"self":[{"href":"https:\/\/szoltandfrog.com\/pt-pt\/wp-json\/wp\/v2\/product\/68015","targetHints":{"allow":["GET"]}}],"collection":[{"href":"https:\/\/szoltandfrog.com\/pt-pt\/wp-json\/wp\/v2\/product"}],"about":[{"href":"https:\/\/szoltandfrog.com\/pt-pt\/wp-json\/wp\/v2\/types\/product"}],"version-history":[{"count":0,"href":"https:\/\/szoltandfrog.com\/pt-pt\/wp-json\/wp\/v2\/product\/68015\/revisions"}],"wp:featuredmedia":[{"embeddable":true,"href":"https:\/\/szoltandfrog.com\/pt-pt\/wp-json\/wp\/v2\/media\/80186"}],"wp:attachment":[{"href":"https:\/\/szoltandfrog.com\/pt-pt\/wp-json\/wp\/v2\/media?parent=68015"}],"wp:term":[{"taxonomy":"product_cat","embeddable":true,"href":"https:\/\/szoltandfrog.com\/pt-pt\/wp-json\/wp\/v2\/product_cat?post=68015"},{"taxonomy":"product_tag","embeddable":true,"href":"https:\/\/szoltandfrog.com\/pt-pt\/wp-json\/wp\/v2\/product_tag?post=68015"}],"curies":[{"name":"wp","href":"https:\/\/api.w.org\/{rel}","templated":true}]}}