{"id":68011,"date":"2024-01-02T12:04:35","date_gmt":"2024-01-02T11:04:35","guid":{"rendered":"https:\/\/szoltandfrog.com\/?product=meias-de-neve-de-natal-mulher"},"modified":"2024-01-02T12:04:35","modified_gmt":"2024-01-02T11:04:35","slug":"meias-de-neve-de-natal-mulher","status":"publish","type":"product","link":"https:\/\/szoltandfrog.com\/pt-pt\/complementos\/meias\/meias-de-neve-de-natal-mulher\/","title":{"rendered":"Meias de neve de Natal &#8211; Mulher"},"content":{"rendered":"","protected":false},"excerpt":{"rendered":"<p>Tamanhos 36-39Meias de Natal divertidas com desenhos originais e modernos, com o selo Sz\u00f6lt&amp;Frog.desenhadas em Espanha e produzidas pelos nossos vizinhos em Portugal.desta vez temos umas meias vermelhas com flocos de neve.comece a criar uma tend\u00eancia com os seus p\u00e9s&#8230;- Meias at\u00e9 meio da perna- Fabricadas em Portugal- 80% algod\u00e3o, 18% Poliamida, 2% Spandex<\/p>\n","protected":false},"featured_media":58742,"template":"","meta":[],"product_cat":[4955,4956,5161],"product_tag":[],"class_list":{"0":"post-68011","1":"product","2":"type-product","3":"status-publish","4":"has-post-thumbnail","6":"product_cat-meias","7":"product_cat-vestuario","8":"product_cat-saida","10":"first","11":"instock","12":"taxable","13":"shipping-taxable","14":"purchasable","15":"product-type-simple"},"_links":{"self":[{"href":"https:\/\/szoltandfrog.com\/pt-pt\/wp-json\/wp\/v2\/product\/68011","targetHints":{"allow":["GET"]}}],"collection":[{"href":"https:\/\/szoltandfrog.com\/pt-pt\/wp-json\/wp\/v2\/product"}],"about":[{"href":"https:\/\/szoltandfrog.com\/pt-pt\/wp-json\/wp\/v2\/types\/product"}],"version-history":[{"count":0,"href":"https:\/\/szoltandfrog.com\/pt-pt\/wp-json\/wp\/v2\/product\/68011\/revisions"}],"wp:featuredmedia":[{"embeddable":true,"href":"https:\/\/szoltandfrog.com\/pt-pt\/wp-json\/wp\/v2\/media\/58742"}],"wp:attachment":[{"href":"https:\/\/szoltandfrog.com\/pt-pt\/wp-json\/wp\/v2\/media?parent=68011"}],"wp:term":[{"taxonomy":"product_cat","embeddable":true,"href":"https:\/\/szoltandfrog.com\/pt-pt\/wp-json\/wp\/v2\/product_cat?post=68011"},{"taxonomy":"product_tag","embeddable":true,"href":"https:\/\/szoltandfrog.com\/pt-pt\/wp-json\/wp\/v2\/product_tag?post=68011"}],"curies":[{"name":"wp","href":"https:\/\/api.w.org\/{rel}","templated":true}]}}