{"id":90140,"date":"2025-11-23T17:34:59","date_gmt":"2025-11-23T16:34:59","guid":{"rendered":"https:\/\/szoltandfrog.com\/producto\/sin%20categor\u00eda\/sudadera-bolsillo-pantin-2\/"},"modified":"2026-04-05T16:09:51","modified_gmt":"2026-04-05T14:09:51","slug":"sudadera-bolsillo-pantin-2","status":"publish","type":"product","link":"https:\/\/szoltandfrog.com\/ropa\/sudaderas\/sudadera-bolsillo-pantin-2\/","title":{"rendered":"Sudadera Pantin"},"content":{"rendered":"","protected":false},"excerpt":{"rendered":"<p>Empezamos con las camisetas y ahora sacamos nuestra colecci\u00f3n de sudaderas con bolsillo.<\/p>\n<p>En este caso tenemos un acabado en navy de sudadera con bolsillo exclusivo Pantin.<\/p>\n<p>Algod\u00f3n 100% Org\u00e1nico.<\/p>\n<p>Esta vez hemos querido dejar nuestra marca m\u00e1s clara que nunca y hemos bordado nuestra caracter\u00edstica tienda de campa\u00f1a en cada uno de los bolsillos.<\/p>\n<p>Dise\u00f1os unisex: Todo para Todos! Comprueba tu talla con nuestra gu\u00eda de tallas <a href=\"https:\/\/szoltandfrog.com\/guia-de-tallas\/\">aqu\u00ed<\/a>!<\/p>\n<p>Dise\u00f1ada en Espa\u00f1a y fabricadas en nuestra vecina Portugal!<\/p>\n","protected":false},"featured_media":90422,"template":"","meta":[],"product_cat":[5548,271,278],"product_tag":[],"class_list":{"0":"post-90140","1":"product","2":"type-product","3":"status-publish","4":"has-post-thumbnail","6":"product_cat-aw25","7":"product_cat-ropa","8":"product_cat-sudaderas","10":"first","11":"instock","12":"featured","13":"taxable","14":"shipping-taxable","15":"purchasable","16":"product-type-variable","17":"has-default-attributes","18":"wvs-archive-product-wrapper"},"_links":{"self":[{"href":"https:\/\/szoltandfrog.com\/it\/wp-json\/wp\/v2\/product\/90140","targetHints":{"allow":["GET"]}}],"collection":[{"href":"https:\/\/szoltandfrog.com\/it\/wp-json\/wp\/v2\/product"}],"about":[{"href":"https:\/\/szoltandfrog.com\/it\/wp-json\/wp\/v2\/types\/product"}],"version-history":[{"count":2,"href":"https:\/\/szoltandfrog.com\/it\/wp-json\/wp\/v2\/product\/90140\/revisions"}],"predecessor-version":[{"id":90494,"href":"https:\/\/szoltandfrog.com\/it\/wp-json\/wp\/v2\/product\/90140\/revisions\/90494"}],"wp:featuredmedia":[{"embeddable":true,"href":"https:\/\/szoltandfrog.com\/it\/wp-json\/wp\/v2\/media\/90422"}],"wp:attachment":[{"href":"https:\/\/szoltandfrog.com\/it\/wp-json\/wp\/v2\/media?parent=90140"}],"wp:term":[{"taxonomy":"product_cat","embeddable":true,"href":"https:\/\/szoltandfrog.com\/it\/wp-json\/wp\/v2\/product_cat?post=90140"},{"taxonomy":"product_tag","embeddable":true,"href":"https:\/\/szoltandfrog.com\/it\/wp-json\/wp\/v2\/product_tag?post=90140"}],"curies":[{"name":"wp","href":"https:\/\/api.w.org\/{rel}","templated":true}]}}