{"id":84186,"date":"2024-09-13T10:11:44","date_gmt":"2024-09-13T08:11:44","guid":{"rendered":"https:\/\/szoltandfrog.com\/producto\/sin%20categor\u00eda\/sudadera-owl\/"},"modified":"2026-04-05T16:09:36","modified_gmt":"2026-04-05T14:09:36","slug":"sudadera-owl","status":"publish","type":"product","link":"https:\/\/szoltandfrog.com\/ropa\/sudaderas\/sudadera-owl\/","title":{"rendered":"Sudadera  Owl"},"content":{"rendered":"<p>Talla modelo Mujer: Altura 1,68m, 93cm de busto y 75cm de cintura, espalda 38cm, talla M.<br \/>\n  Talla modelo Hombre: Altura 1,70m, 107cm de busto y 93cm de cintura, espalda 41cm, talla L.<br \/>\n Color Morado Ciruela<br \/>\n En lo profundo de la noche, mientras el mundo duerme, el b\u00faho observa en silencio, sabio y sereno. Nuestra sudadera con estampado de b\u00faho es mucho m\u00e1s que una prenda; es un tributo a la sabidur\u00eda y la conexi\u00f3n profunda con lo natural, incluso en medio del caos urbano.<\/p>\n<hr \/>\n<p>Fabricada en Portugal &#8211; Camiseta con bolsillo \u2013 100% Algod\u00f3n Org\u00e1nico \u2013 Peso 330 gramos \u2013 Prenda lavada durante proceso de fabricaci\u00f3n (para evitar que encoja posteriormente) &#8211; Sudadera con estampado \u2013 Animal \u2013 Unisex<\/p>\n","protected":false},"excerpt":{"rendered":"<p>Talla modelo Mujer: Altura 1,68m, 93cm de busto y 75cm de cintura, espalda 38cm, talla M. Talla modelo Hombre: Altura 1,70m, 107cm de busto y 93cm de cintura, espalda 41cm, talla L. Color Morado Ciruela En lo profundo de la noche, mientras el mundo duerme, el b\u00faho observa en silencio, sabio y sereno. Nuestra sudadera [&hellip;]<\/p>\n","protected":false},"featured_media":86754,"template":"","meta":[],"product_cat":[5303,271,278],"product_tag":[],"class_list":{"0":"post-84186","1":"product","2":"type-product","3":"status-publish","4":"has-post-thumbnail","6":"product_cat-aw24","7":"product_cat-ropa","8":"product_cat-sudaderas","10":"first","11":"instock","12":"taxable","13":"shipping-taxable","14":"purchasable","15":"product-type-variable","16":"has-default-attributes","17":"wvs-archive-product-wrapper"},"_links":{"self":[{"href":"https:\/\/szoltandfrog.com\/it\/wp-json\/wp\/v2\/product\/84186","targetHints":{"allow":["GET"]}}],"collection":[{"href":"https:\/\/szoltandfrog.com\/it\/wp-json\/wp\/v2\/product"}],"about":[{"href":"https:\/\/szoltandfrog.com\/it\/wp-json\/wp\/v2\/types\/product"}],"version-history":[{"count":2,"href":"https:\/\/szoltandfrog.com\/it\/wp-json\/wp\/v2\/product\/84186\/revisions"}],"predecessor-version":[{"id":88835,"href":"https:\/\/szoltandfrog.com\/it\/wp-json\/wp\/v2\/product\/84186\/revisions\/88835"}],"wp:featuredmedia":[{"embeddable":true,"href":"https:\/\/szoltandfrog.com\/it\/wp-json\/wp\/v2\/media\/86754"}],"wp:attachment":[{"href":"https:\/\/szoltandfrog.com\/it\/wp-json\/wp\/v2\/media?parent=84186"}],"wp:term":[{"taxonomy":"product_cat","embeddable":true,"href":"https:\/\/szoltandfrog.com\/it\/wp-json\/wp\/v2\/product_cat?post=84186"},{"taxonomy":"product_tag","embeddable":true,"href":"https:\/\/szoltandfrog.com\/it\/wp-json\/wp\/v2\/product_tag?post=84186"}],"curies":[{"name":"wp","href":"https:\/\/api.w.org\/{rel}","templated":true}]}}