{"id":84185,"date":"2024-09-13T10:11:40","date_gmt":"2024-09-13T08:11:40","guid":{"rendered":"https:\/\/szoltandfrog.com\/producto\/sin%20categor\u00eda\/sudadera-wolf\/"},"modified":"2026-04-15T00:10:52","modified_gmt":"2026-04-14T22:10:52","slug":"sudadera-wolf","status":"publish","type":"product","link":"https:\/\/szoltandfrog.com\/ropa\/sudaderas\/sudadera-wolf\/","title":{"rendered":"Sudadera  Wolf"},"content":{"rendered":"<p>En medio del bullicio urbano, un bosque de cemento intenta moldearte, pero en lo m\u00e1s profundo de tu ser late un coraz\u00f3n salvaje. Este lobo, estampado sobre un tejido de algod\u00f3n 100% org\u00e1nico, es un recordatorio de que nunca debes perder tu esencia.<\/p>\n<p>KEEP NATURE WILD, s\u00e9 el lobo que habita dentro de ti.<\/p>\n<hr \/>\n<p>Fabricada en Portugal &#8211; Sudadera con bolsillo \u2013 100% Algod\u00f3n Org\u00e1nico \u2013 Peso 330 gramos \u2013 Prenda lavada durante proceso de fabricaci\u00f3n (para evitar que encoja posteriormente) \u2013 Sudadera con estampado \u2013 Animal \u2013 Unisex<\/p>\n","protected":false},"excerpt":{"rendered":"<p>En medio del bullicio urbano, un bosque de cemento intenta moldearte, pero en lo m\u00e1s profundo de tu ser late un coraz\u00f3n salvaje. Este lobo, estampado sobre un tejido de algod\u00f3n 100% org\u00e1nico, es un recordatorio de que nunca debes perder tu esencia. KEEP NATURE WILD, s\u00e9 el lobo que habita dentro de ti. Fabricada [&hellip;]<\/p>\n","protected":false},"featured_media":0,"template":"","meta":[],"product_cat":[5303,271,278],"product_tag":[],"class_list":{"0":"post-84185","1":"product","2":"type-product","3":"status-publish","5":"product_cat-aw24","6":"product_cat-ropa","7":"product_cat-sudaderas","9":"first","10":"instock","11":"taxable","12":"shipping-taxable","13":"purchasable","14":"product-type-variable","15":"has-default-attributes","16":"wvs-archive-product-wrapper"},"_links":{"self":[{"href":"https:\/\/szoltandfrog.com\/it\/wp-json\/wp\/v2\/product\/84185","targetHints":{"allow":["GET"]}}],"collection":[{"href":"https:\/\/szoltandfrog.com\/it\/wp-json\/wp\/v2\/product"}],"about":[{"href":"https:\/\/szoltandfrog.com\/it\/wp-json\/wp\/v2\/types\/product"}],"version-history":[{"count":1,"href":"https:\/\/szoltandfrog.com\/it\/wp-json\/wp\/v2\/product\/84185\/revisions"}],"predecessor-version":[{"id":88581,"href":"https:\/\/szoltandfrog.com\/it\/wp-json\/wp\/v2\/product\/84185\/revisions\/88581"}],"wp:attachment":[{"href":"https:\/\/szoltandfrog.com\/it\/wp-json\/wp\/v2\/media?parent=84185"}],"wp:term":[{"taxonomy":"product_cat","embeddable":true,"href":"https:\/\/szoltandfrog.com\/it\/wp-json\/wp\/v2\/product_cat?post=84185"},{"taxonomy":"product_tag","embeddable":true,"href":"https:\/\/szoltandfrog.com\/it\/wp-json\/wp\/v2\/product_tag?post=84185"}],"curies":[{"name":"wp","href":"https:\/\/api.w.org\/{rel}","templated":true}]}}